{"id":752,"date":"2022-06-30T11:35:18","date_gmt":"2022-06-30T09:35:18","guid":{"rendered":"https:\/\/www.leafpoolcover.com\/noi\/"},"modified":"2022-11-20T19:08:35","modified_gmt":"2022-11-20T18:08:35","slug":"noi","status":"publish","type":"page","link":"https:\/\/www.leafpoolcover.com\/it\/noi\/","title":{"rendered":"Noi"},"content":{"rendered":"\t\t<div data-elementor-type=\"wp-page\" data-elementor-id=\"752\" class=\"elementor elementor-752 elementor-119\" data-elementor-post-type=\"page\">\n\t\t\t\t\t\t<section class=\"elementor-section elementor-top-section elementor-element elementor-element-358e68e5 elementor-section-content-bottom elementor-section-height-min-height elementor-section-boxed elementor-section-height-default elementor-section-items-middle\" data-id=\"358e68e5\" data-element_type=\"section\" data-settings=\"{&quot;background_background&quot;:&quot;classic&quot;}\">\n\t\t\t\t\t\t\t<div class=\"elementor-background-overlay\"><\/div>\n\t\t\t\t\t\t\t<div class=\"elementor-container elementor-column-gap-no\">\n\t\t\t\t\t<div class=\"elementor-column elementor-col-100 elementor-top-column elementor-element elementor-element-1e4221d7\" data-id=\"1e4221d7\" data-element_type=\"column\">\n\t\t\t<div class=\"elementor-widget-wrap elementor-element-populated\">\n\t\t\t\t\t\t<div class=\"elementor-element elementor-element-2aeab1b6 elementor-widget elementor-widget-text-editor\" data-id=\"2aeab1b6\" data-element_type=\"widget\" data-widget_type=\"text-editor.default\">\n\t\t\t\t<div class=\"elementor-widget-container\">\n\t\t\t\t\t\t\t<p>La leggenda narra che nel 2012, navigando intorno alle Isole Pitiusas, a bordo di una barca a vela chiamata Fandango, ancorata in calette nascoste dell&#8217;isola di Formentera, due amici entusiasti di un nuovo progetto sommato all&#8217;effetto di un bicchiere di ghiaccio, limone, tonica e il liquore dell&#8217;ispirazione, finirono per trasformare il nome di una barca a vela nel nome della loro futura compagnia: <strong>Fun&amp;Go.<\/strong><\/p>\n\t\t\t\t\t\t<\/div>\n\t\t\t\t<\/div>\n\t\t\t\t\t<\/div>\n\t\t<\/div>\n\t\t\t\t\t<\/div>\n\t\t<\/section>\n\t\t\t\t<section class=\"elementor-section elementor-top-section elementor-element elementor-element-21313a6d elementor-section-boxed elementor-section-height-default elementor-section-height-default\" data-id=\"21313a6d\" data-element_type=\"section\" data-settings=\"{&quot;background_background&quot;:&quot;classic&quot;}\">\n\t\t\t\t\t\t<div class=\"elementor-container elementor-column-gap-default\">\n\t\t\t\t\t<div class=\"elementor-column elementor-col-100 elementor-top-column elementor-element elementor-element-75fa7c71\" data-id=\"75fa7c71\" data-element_type=\"column\">\n\t\t\t<div class=\"elementor-widget-wrap elementor-element-populated\">\n\t\t\t\t\t\t<div class=\"elementor-element elementor-element-61381072 elementor-widget elementor-widget-heading\" data-id=\"61381072\" data-element_type=\"widget\" data-widget_type=\"heading.default\">\n\t\t\t\t<div class=\"elementor-widget-container\">\n\t\t\t<h1 class=\"elementor-heading-title elementor-size-default\">La nostra storia<\/h1>\t\t<\/div>\n\t\t\t\t<\/div>\n\t\t\t\t<div class=\"elementor-element elementor-element-4de6e6e6 elementor-widget elementor-widget-text-editor\" data-id=\"4de6e6e6\" data-element_type=\"widget\" data-widget_type=\"text-editor.default\">\n\t\t\t\t<div class=\"elementor-widget-container\">\n\t\t\t\t\t\t\t<p>Nel gennaio 2016 abbiamo creato Fun&amp;Go. Un&#8217;idea condivisa da due persone che hanno dedicato gran parte della loro vita all&#8217;osservazione, allo studio e all&#8217;analisi di settori cos\u00ec ampi come la ferramenta, l&#8217;edilizia e le forniture industriali, e che finalmente hanno deciso di trasformarla in realt\u00e0. <\/p>\n<p>Nell&#8217;agosto 2017. Unendo le conoscenze e l&#8217;esperienza nel campo dell&#8217;edilizia e della navigazione, per risolvere un problema particolare, abbiamo scoperto una soluzione pratica, semplice e comoda per evitare la fastidiosa caduta di foglie e insetti all&#8217;interno delle piscine. \u00c8 cos\u00ec che \u00e8 nata la nostra rete per piscine: <\/p>\n<p><strong>Leaf Pool Cover di Fun&amp;Go.<\/strong><\/p>\n<p>Una copertura facile da installare che non necessita di alcun fissaggio per rimanere a pelo d&#8217;acqua. La piscine rimane libera da foglie e insetti e permette di godersi il bagno rimuovendola senza dover passare il tempo a pulirla, &#8220;Una soluzione geniale!<\/p>\n<p>Abbiamo quindi deciso di produrlo in serie e di presentarlo ai professionisti.<\/p>\n<p style=\"padding-left: 40px;\"><strong>&#8220;Avevamo qualcosa da dire!<\/strong><\/p>\n<p>Nell&#8217;ottobre 2017 abbiamo presentato LPC alla fiera &#8220;Piscinas &amp; Wellness&#8221;, l&#8217;accoglienza e l&#8217;interesse dimostrato da pi\u00f9 di 200 visitatori provenienti da oltre 25 Paesi ci ha indicato chiaramente che c&#8217;era bisogno di una soluzione come la nostra.<\/p>\n<p style=\"padding-left: 40px;\"><strong>&#8220;La gente ha amato LPC, \u00e8 stata una sensazione incredibile.<\/strong><\/p>\n<p>A gennaio 2018 abbiamo iniziato a esportare in Francia, mantenendo contatti in altri Paesi e attori interessati alla sua distribuzione; a fine 2018 abbiamo anche partecipato a Piscine Global a Lione.<\/p>\n<p style=\"padding-left: 40px;\"><strong>&#8220;Vogliamo portare l&#8217;LPC di Fun&amp;Go nel mondo, volete unirvi a noi?<\/strong><\/p>\n\t\t\t\t\t\t<\/div>\n\t\t\t\t<\/div>\n\t\t\t\t<div class=\"elementor-element elementor-element-62845c61 elementor-widget elementor-widget-text-editor\" data-id=\"62845c61\" data-element_type=\"widget\" data-widget_type=\"text-editor.default\">\n\t\t\t\t<div class=\"elementor-widget-container\">\n\t\t\t\t\t\t\t<p>Per i primi passi nella produzione e nella gestione dei prodotti ci affidiamo all&#8217;aiuto indispensabile del Mr. Salvador Ros\u00e0s, un maestro nell\u2019arte di inventare macchine che realizzano i vostri sogni, e in questo caso, come in tanti altri, abbiamo iniziato la produzione nel suo garage.&nbsp;<\/p>\n<p>Le macchine con cui sono stati realizzati i primi prodotti portano il suo timbro e sono ancora oggi perfettamente funzionanti.<\/p>\n<p>In Fun&amp;Go, con sede a Barcellona, innoviamo costantemente per continuare a realizzare il nostro obiettivo principale:&nbsp;<\/p>\n<p style=\"padding-left: 40px;\"><strong>&#8220;Rendere facile il difficile&#8221;.<\/strong><\/p>\t\t\t\t\t\t<\/div>\n\t\t\t\t<\/div>\n\t\t\t\t\t<\/div>\n\t\t<\/div>\n\t\t\t\t\t<\/div>\n\t\t<\/section>\n\t\t\t\t<section class=\"elementor-section elementor-top-section elementor-element elementor-element-4f5f613a elementor-section-boxed elementor-section-height-default elementor-section-height-default\" data-id=\"4f5f613a\" data-element_type=\"section\">\n\t\t\t\t\t\t<div class=\"elementor-container elementor-column-gap-default\">\n\t\t\t\t\t<div class=\"elementor-column elementor-col-50 elementor-top-column elementor-element elementor-element-137c98be\" data-id=\"137c98be\" data-element_type=\"column\">\n\t\t\t<div class=\"elementor-widget-wrap\">\n\t\t\t\t\t\t\t<\/div>\n\t\t<\/div>\n\t\t\t\t<div class=\"elementor-column elementor-col-50 elementor-top-column elementor-element elementor-element-71bc8d5f\" data-id=\"71bc8d5f\" data-element_type=\"column\">\n\t\t\t<div class=\"elementor-widget-wrap elementor-element-populated\">\n\t\t\t\t\t\t<div class=\"elementor-element elementor-element-690e288c elementor-widget elementor-widget-image\" data-id=\"690e288c\" data-element_type=\"widget\" data-widget_type=\"image.default\">\n\t\t\t\t<div class=\"elementor-widget-container\">\n\t\t\t\t\t\t\t\t\t\t\t\t\t<img fetchpriority=\"high\" decoding=\"async\" width=\"250\" height=\"250\" src=\"https:\/\/www.leafpoolcover.com\/wp-content\/uploads\/2022\/06\/Jordi-Vives.png\" class=\"attachment-full size-full wp-image-128\" alt=\"Leaf-pool-cover-jordi-vives\" srcset=\"https:\/\/www.leafpoolcover.com\/wp-content\/uploads\/2022\/06\/Jordi-Vives.png 250w, https:\/\/www.leafpoolcover.com\/wp-content\/uploads\/2022\/06\/Jordi-Vives-150x150.png 150w\" sizes=\"(max-width: 250px) 100vw, 250px\" \/>\t\t\t\t\t\t\t\t\t\t\t\t\t<\/div>\n\t\t\t\t<\/div>\n\t\t\t\t\t<\/div>\n\t\t<\/div>\n\t\t\t\t\t<\/div>\n\t\t<\/section>\n\t\t\t\t<\/div>\n\t\t","protected":false},"excerpt":{"rendered":"<p>La leggenda narra che nel 2012, navigando intorno alle Isole Pitiusas, a bordo di una barca a vela chiamata Fandango, ancorata in calette nascoste dell&#8217;isola di Formentera, due amici entusiasti di un nuovo progetto sommato all&#8217;effetto di un bicchiere di ghiaccio, limone, tonica e il liquore dell&#8217;ispirazione, finirono per trasformare il nome di una barca &hellip;<\/p>\n<p class=\"read-more\"> <a class=\"\" href=\"https:\/\/www.leafpoolcover.com\/it\/noi\/\"> <span class=\"screen-reader-text\">Noi<\/span> Read More &raquo;<\/a><\/p>\n","protected":false},"author":1,"featured_media":623,"parent":0,"menu_order":0,"comment_status":"closed","ping_status":"closed","template":"elementor_header_footer","meta":{"site-sidebar-layout":"no-sidebar","site-content-layout":"page-builder","ast-global-header-display":"","ast-main-header-display":"","ast-hfb-above-header-display":"","ast-hfb-below-header-display":"","ast-hfb-mobile-header-display":"","site-post-title":"disabled","ast-breadcrumbs-content":"","ast-featured-img":"disabled","footer-sml-layout":"","theme-transparent-header-meta":"","adv-header-id-meta":"","stick-header-meta":"","header-above-stick-meta":"","header-main-stick-meta":"","header-below-stick-meta":"","footnotes":""},"class_list":["post-752","page","type-page","status-publish","has-post-thumbnail","hentry"],"yoast_head":"<!-- This site is optimized with the Yoast SEO plugin v23.8 - https:\/\/yoast.com\/wordpress\/plugins\/seo\/ -->\n<title>Rete per piscine Leaf Pool Cover | Chi siamo<\/title>\n<meta name=\"description\" content=\"Combinando le conoscenze e l&#039;esperienza nel campo dell&#039;edilizia e della navigazione, abbiamo scoperto una soluzione pratica per evitare che le foglie...\" \/>\n<meta name=\"robots\" content=\"index, follow, max-snippet:-1, max-image-preview:large, max-video-preview:-1\" \/>\n<link rel=\"canonical\" href=\"https:\/\/www.leafpoolcover.com\/it\/noi\/\" \/>\n<meta property=\"og:locale\" content=\"it_IT\" \/>\n<meta property=\"og:type\" content=\"article\" \/>\n<meta property=\"og:title\" content=\"Rete per piscine Leaf Pool Cover | Chi siamo\" \/>\n<meta property=\"og:description\" content=\"Combinando le conoscenze e l&#039;esperienza nel campo dell&#039;edilizia e della navigazione, abbiamo scoperto una soluzione pratica per evitare che le foglie...\" \/>\n<meta property=\"og:url\" content=\"https:\/\/www.leafpoolcover.com\/it\/noi\/\" \/>\n<meta property=\"og:site_name\" content=\"Malla para piscinas Leaf Pool Cover\" \/>\n<meta property=\"article:modified_time\" content=\"2022-11-20T18:08:35+00:00\" \/>\n<meta property=\"og:image\" content=\"https:\/\/www.leafpoolcover.com\/wp-content\/uploads\/2022\/06\/leaf-pool-cover-quienes-somos-scaled.jpg\" \/>\n\t<meta property=\"og:image:width\" content=\"2560\" \/>\n\t<meta property=\"og:image:height\" content=\"1452\" \/>\n\t<meta property=\"og:image:type\" content=\"image\/jpeg\" \/>\n<meta name=\"twitter:card\" content=\"summary_large_image\" \/>\n<meta name=\"twitter:label1\" content=\"Tempo di lettura stimato\" \/>\n\t<meta name=\"twitter:data1\" content=\"3 minuti\" \/>\n<script type=\"application\/ld+json\" class=\"yoast-schema-graph\">{\"@context\":\"https:\/\/schema.org\",\"@graph\":[{\"@type\":\"WebPage\",\"@id\":\"https:\/\/www.leafpoolcover.com\/it\/noi\/\",\"url\":\"https:\/\/www.leafpoolcover.com\/it\/noi\/\",\"name\":\"Rete per piscine Leaf Pool Cover | Chi siamo\",\"isPartOf\":{\"@id\":\"https:\/\/www.leafpoolcover.com\/en\/#website\"},\"primaryImageOfPage\":{\"@id\":\"https:\/\/www.leafpoolcover.com\/it\/noi\/#primaryimage\"},\"image\":{\"@id\":\"https:\/\/www.leafpoolcover.com\/it\/noi\/#primaryimage\"},\"thumbnailUrl\":\"https:\/\/www.leafpoolcover.com\/wp-content\/uploads\/2022\/06\/leaf-pool-cover-quienes-somos-scaled.jpg\",\"datePublished\":\"2022-06-30T09:35:18+00:00\",\"dateModified\":\"2022-11-20T18:08:35+00:00\",\"description\":\"Combinando le conoscenze e l'esperienza nel campo dell'edilizia e della navigazione, abbiamo scoperto una soluzione pratica per evitare che le foglie...\",\"breadcrumb\":{\"@id\":\"https:\/\/www.leafpoolcover.com\/it\/noi\/#breadcrumb\"},\"inLanguage\":\"it-IT\",\"potentialAction\":[{\"@type\":\"ReadAction\",\"target\":[\"https:\/\/www.leafpoolcover.com\/it\/noi\/\"]}]},{\"@type\":\"ImageObject\",\"inLanguage\":\"it-IT\",\"@id\":\"https:\/\/www.leafpoolcover.com\/it\/noi\/#primaryimage\",\"url\":\"https:\/\/www.leafpoolcover.com\/wp-content\/uploads\/2022\/06\/leaf-pool-cover-quienes-somos-scaled.jpg\",\"contentUrl\":\"https:\/\/www.leafpoolcover.com\/wp-content\/uploads\/2022\/06\/leaf-pool-cover-quienes-somos-scaled.jpg\",\"width\":2560,\"height\":1452},{\"@type\":\"BreadcrumbList\",\"@id\":\"https:\/\/www.leafpoolcover.com\/it\/noi\/#breadcrumb\",\"itemListElement\":[{\"@type\":\"ListItem\",\"position\":1,\"name\":\"Portada\",\"item\":\"https:\/\/www.leafpoolcover.com\/it\/home\/\"},{\"@type\":\"ListItem\",\"position\":2,\"name\":\"Noi\"}]},{\"@type\":\"WebSite\",\"@id\":\"https:\/\/www.leafpoolcover.com\/en\/#website\",\"url\":\"https:\/\/www.leafpoolcover.com\/en\/\",\"name\":\"Malla para piscinas Leaf Pool Cover\",\"description\":\"Malla para piscinas, malla anti hojas piscinas, cobertor piscina, mantener la piscina limpia f\u00e1cilmente.\",\"potentialAction\":[{\"@type\":\"SearchAction\",\"target\":{\"@type\":\"EntryPoint\",\"urlTemplate\":\"https:\/\/www.leafpoolcover.com\/en\/?s={search_term_string}\"},\"query-input\":{\"@type\":\"PropertyValueSpecification\",\"valueRequired\":true,\"valueName\":\"search_term_string\"}}],\"inLanguage\":\"it-IT\"}]}<\/script>\n<!-- \/ Yoast SEO plugin. -->","yoast_head_json":{"title":"Rete per piscine Leaf Pool Cover | Chi siamo","description":"Combinando le conoscenze e l'esperienza nel campo dell'edilizia e della navigazione, abbiamo scoperto una soluzione pratica per evitare che le foglie...","robots":{"index":"index","follow":"follow","max-snippet":"max-snippet:-1","max-image-preview":"max-image-preview:large","max-video-preview":"max-video-preview:-1"},"canonical":"https:\/\/www.leafpoolcover.com\/it\/noi\/","og_locale":"it_IT","og_type":"article","og_title":"Rete per piscine Leaf Pool Cover | Chi siamo","og_description":"Combinando le conoscenze e l'esperienza nel campo dell'edilizia e della navigazione, abbiamo scoperto una soluzione pratica per evitare che le foglie...","og_url":"https:\/\/www.leafpoolcover.com\/it\/noi\/","og_site_name":"Malla para piscinas Leaf Pool Cover","article_modified_time":"2022-11-20T18:08:35+00:00","og_image":[{"width":2560,"height":1452,"url":"https:\/\/www.leafpoolcover.com\/wp-content\/uploads\/2022\/06\/leaf-pool-cover-quienes-somos-scaled.jpg","type":"image\/jpeg"}],"twitter_card":"summary_large_image","twitter_misc":{"Tempo di lettura stimato":"3 minuti"},"schema":{"@context":"https:\/\/schema.org","@graph":[{"@type":"WebPage","@id":"https:\/\/www.leafpoolcover.com\/it\/noi\/","url":"https:\/\/www.leafpoolcover.com\/it\/noi\/","name":"Rete per piscine Leaf Pool Cover | Chi siamo","isPartOf":{"@id":"https:\/\/www.leafpoolcover.com\/en\/#website"},"primaryImageOfPage":{"@id":"https:\/\/www.leafpoolcover.com\/it\/noi\/#primaryimage"},"image":{"@id":"https:\/\/www.leafpoolcover.com\/it\/noi\/#primaryimage"},"thumbnailUrl":"https:\/\/www.leafpoolcover.com\/wp-content\/uploads\/2022\/06\/leaf-pool-cover-quienes-somos-scaled.jpg","datePublished":"2022-06-30T09:35:18+00:00","dateModified":"2022-11-20T18:08:35+00:00","description":"Combinando le conoscenze e l'esperienza nel campo dell'edilizia e della navigazione, abbiamo scoperto una soluzione pratica per evitare che le foglie...","breadcrumb":{"@id":"https:\/\/www.leafpoolcover.com\/it\/noi\/#breadcrumb"},"inLanguage":"it-IT","potentialAction":[{"@type":"ReadAction","target":["https:\/\/www.leafpoolcover.com\/it\/noi\/"]}]},{"@type":"ImageObject","inLanguage":"it-IT","@id":"https:\/\/www.leafpoolcover.com\/it\/noi\/#primaryimage","url":"https:\/\/www.leafpoolcover.com\/wp-content\/uploads\/2022\/06\/leaf-pool-cover-quienes-somos-scaled.jpg","contentUrl":"https:\/\/www.leafpoolcover.com\/wp-content\/uploads\/2022\/06\/leaf-pool-cover-quienes-somos-scaled.jpg","width":2560,"height":1452},{"@type":"BreadcrumbList","@id":"https:\/\/www.leafpoolcover.com\/it\/noi\/#breadcrumb","itemListElement":[{"@type":"ListItem","position":1,"name":"Portada","item":"https:\/\/www.leafpoolcover.com\/it\/home\/"},{"@type":"ListItem","position":2,"name":"Noi"}]},{"@type":"WebSite","@id":"https:\/\/www.leafpoolcover.com\/en\/#website","url":"https:\/\/www.leafpoolcover.com\/en\/","name":"Malla para piscinas Leaf Pool Cover","description":"Malla para piscinas, malla anti hojas piscinas, cobertor piscina, mantener la piscina limpia f\u00e1cilmente.","potentialAction":[{"@type":"SearchAction","target":{"@type":"EntryPoint","urlTemplate":"https:\/\/www.leafpoolcover.com\/en\/?s={search_term_string}"},"query-input":{"@type":"PropertyValueSpecification","valueRequired":true,"valueName":"search_term_string"}}],"inLanguage":"it-IT"}]}},"_links":{"self":[{"href":"https:\/\/www.leafpoolcover.com\/it\/wp-json\/wp\/v2\/pages\/752"}],"collection":[{"href":"https:\/\/www.leafpoolcover.com\/it\/wp-json\/wp\/v2\/pages"}],"about":[{"href":"https:\/\/www.leafpoolcover.com\/it\/wp-json\/wp\/v2\/types\/page"}],"author":[{"embeddable":true,"href":"https:\/\/www.leafpoolcover.com\/it\/wp-json\/wp\/v2\/users\/1"}],"replies":[{"embeddable":true,"href":"https:\/\/www.leafpoolcover.com\/it\/wp-json\/wp\/v2\/comments?post=752"}],"version-history":[{"count":10,"href":"https:\/\/www.leafpoolcover.com\/it\/wp-json\/wp\/v2\/pages\/752\/revisions"}],"predecessor-version":[{"id":1812,"href":"https:\/\/www.leafpoolcover.com\/it\/wp-json\/wp\/v2\/pages\/752\/revisions\/1812"}],"wp:featuredmedia":[{"embeddable":true,"href":"https:\/\/www.leafpoolcover.com\/it\/wp-json\/wp\/v2\/media\/623"}],"wp:attachment":[{"href":"https:\/\/www.leafpoolcover.com\/it\/wp-json\/wp\/v2\/media?parent=752"}],"curies":[{"name":"wp","href":"https:\/\/api.w.org\/{rel}","templated":true}]}}