{"id":652,"date":"2022-06-30T11:35:51","date_gmt":"2022-06-30T09:35:51","guid":{"rendered":"https:\/\/www.leafpoolcover.com\/contatto\/"},"modified":"2023-01-31T14:00:41","modified_gmt":"2023-01-31T13:00:41","slug":"contatto","status":"publish","type":"page","link":"https:\/\/www.leafpoolcover.com\/it\/contatto\/","title":{"rendered":"Contatto"},"content":{"rendered":"\t\t<div data-elementor-type=\"wp-page\" data-elementor-id=\"652\" class=\"elementor elementor-652 elementor-121\" data-elementor-post-type=\"page\">\n\t\t\t\t\t\t<section class=\"elementor-section elementor-top-section elementor-element elementor-element-508c177c elementor-section-content-top elementor-section-boxed elementor-section-height-default elementor-section-height-default\" data-id=\"508c177c\" data-element_type=\"section\" data-settings=\"{&quot;background_background&quot;:&quot;classic&quot;}\">\n\t\t\t\t\t\t\t<div class=\"elementor-background-overlay\"><\/div>\n\t\t\t\t\t\t\t<div class=\"elementor-container elementor-column-gap-default\">\n\t\t\t\t\t<div class=\"elementor-column elementor-col-100 elementor-top-column elementor-element elementor-element-70d983a2\" data-id=\"70d983a2\" data-element_type=\"column\">\n\t\t\t<div class=\"elementor-widget-wrap elementor-element-populated\">\n\t\t\t\t\t\t<div class=\"elementor-element elementor-element-735e7fdf elementor-widget elementor-widget-heading\" data-id=\"735e7fdf\" data-element_type=\"widget\" data-widget_type=\"heading.default\">\n\t\t\t\t<div class=\"elementor-widget-container\">\n\t\t\t<h1 class=\"elementor-heading-title elementor-size-default\">Contatto Leaf Pool Cover<\/h1>\t\t<\/div>\n\t\t\t\t<\/div>\n\t\t\t\t<div class=\"elementor-element elementor-element-65866a70 elementor-widget elementor-widget-spacer\" data-id=\"65866a70\" data-element_type=\"widget\" data-widget_type=\"spacer.default\">\n\t\t\t\t<div class=\"elementor-widget-container\">\n\t\t\t\t\t<div class=\"elementor-spacer\">\n\t\t\t<div class=\"elementor-spacer-inner\"><\/div>\n\t\t<\/div>\n\t\t\t\t<\/div>\n\t\t\t\t<\/div>\n\t\t\t\t\t<\/div>\n\t\t<\/div>\n\t\t\t\t\t<\/div>\n\t\t<\/section>\n\t\t\t\t<section class=\"elementor-section elementor-top-section elementor-element elementor-element-79700bd2 elementor-section-content-top elementor-section-boxed elementor-section-height-default elementor-section-height-default\" data-id=\"79700bd2\" data-element_type=\"section\">\n\t\t\t\t\t\t\t<div class=\"elementor-background-overlay\"><\/div>\n\t\t\t\t\t\t\t<div class=\"elementor-container elementor-column-gap-default\">\n\t\t\t\t\t<div class=\"elementor-column elementor-col-33 elementor-top-column elementor-element elementor-element-19428361\" data-id=\"19428361\" data-element_type=\"column\" data-settings=\"{&quot;background_background&quot;:&quot;classic&quot;}\">\n\t\t\t<div class=\"elementor-widget-wrap elementor-element-populated\">\n\t\t\t\t\t\t<div class=\"elementor-element elementor-element-297c895f elementor-widget elementor-widget-heading\" data-id=\"297c895f\" data-element_type=\"widget\" data-widget_type=\"heading.default\">\n\t\t\t\t<div class=\"elementor-widget-container\">\n\t\t\t<h3 class=\"elementor-heading-title elementor-size-default\">Risolviamo i suoi dubbi<\/h3>\t\t<\/div>\n\t\t\t\t<\/div>\n\t\t\t\t<div class=\"elementor-element elementor-element-17ee51c4 elementor-widget elementor-widget-text-editor\" data-id=\"17ee51c4\" data-element_type=\"widget\" data-widget_type=\"text-editor.default\">\n\t\t\t\t<div class=\"elementor-widget-container\">\n\t\t\t\t\t\t\t<p><span style=\"vertical-align: inherit;\"><span style=\"vertical-align: inherit;\">Pu\u00f2 chiamarci o inviarci la sua richiesta e la risolveremo al pi\u00f9 presto. <\/span><\/span><\/p>\n\t\t\t\t\t\t<\/div>\n\t\t\t\t<\/div>\n\t\t\t\t<section class=\"elementor-section elementor-inner-section elementor-element elementor-element-60a69d03 elementor-section-content-middle elementor-section-boxed elementor-section-height-default elementor-section-height-default\" data-id=\"60a69d03\" data-element_type=\"section\">\n\t\t\t\t\t\t<div class=\"elementor-container elementor-column-gap-default\">\n\t\t\t\t\t<div class=\"elementor-column elementor-col-100 elementor-inner-column elementor-element elementor-element-6a8ab065\" data-id=\"6a8ab065\" data-element_type=\"column\">\n\t\t\t<div class=\"elementor-widget-wrap elementor-element-populated\">\n\t\t\t\t\t\t<div class=\"elementor-element elementor-element-6920872 elementor-widget elementor-widget-text-editor\" data-id=\"6920872\" data-element_type=\"widget\" data-widget_type=\"text-editor.default\">\n\t\t\t\t<div class=\"elementor-widget-container\">\n\t\t\t\t\t\t\t<p><span style=\"vertical-align: inherit;\"><span style=\"vertical-align: inherit;\">Siamo disponibili dal luned\u00ec al venerd\u00ec da <\/span><\/span><strong><span style=\"vertical-align: inherit;\"><span style=\"vertical-align: inherit;\">09:00H. alle 18:00H.<\/span><\/span><\/strong><span style=\"vertical-align: inherit;\"><span style=\"vertical-align: inherit;\"> \ud83d\udd58<\/span><\/span><\/p>\n\t\t\t\t\t\t<\/div>\n\t\t\t\t<\/div>\n\t\t\t\t\t<\/div>\n\t\t<\/div>\n\t\t\t\t\t<\/div>\n\t\t<\/section>\n\t\t\t\t<div class=\"elementor-element elementor-element-7c80382e elementor-align-left elementor-icon-list--layout-traditional elementor-list-item-link-full_width elementor-widget elementor-widget-icon-list\" data-id=\"7c80382e\" data-element_type=\"widget\" data-widget_type=\"icon-list.default\">\n\t\t\t\t<div class=\"elementor-widget-container\">\n\t\t\t\t\t<ul class=\"elementor-icon-list-items\">\n\t\t\t\t\t\t\t<li class=\"elementor-icon-list-item\">\n\t\t\t\t\t\t\t\t\t\t\t<span class=\"elementor-icon-list-icon\">\n\t\t\t\t\t\t\t<i aria-hidden=\"true\" class=\"fas fa-phone-alt\"><\/i>\t\t\t\t\t\t<\/span>\n\t\t\t\t\t\t\t\t\t\t<span class=\"elementor-icon-list-text\">+34 934 920 085<\/span>\n\t\t\t\t\t\t\t\t\t<\/li>\n\t\t\t\t\t\t\t\t<li class=\"elementor-icon-list-item\">\n\t\t\t\t\t\t\t\t\t\t\t<span class=\"elementor-icon-list-icon\">\n\t\t\t\t\t\t\t<i aria-hidden=\"true\" class=\"fas fa-envelope\"><\/i>\t\t\t\t\t\t<\/span>\n\t\t\t\t\t\t\t\t\t\t<span class=\"elementor-icon-list-text\"> info@leafpoolcover.com<\/span>\n\t\t\t\t\t\t\t\t\t<\/li>\n\t\t\t\t\t\t<\/ul>\n\t\t\t\t<\/div>\n\t\t\t\t<\/div>\n\t\t\t\t\t<\/div>\n\t\t<\/div>\n\t\t\t\t<div class=\"elementor-column elementor-col-66 elementor-top-column elementor-element elementor-element-f07ee99\" data-id=\"f07ee99\" data-element_type=\"column\">\n\t\t\t<div class=\"elementor-widget-wrap elementor-element-populated\">\n\t\t\t\t\t<div class=\"elementor-background-overlay\"><\/div>\n\t\t\t\t\t\t<div class=\"elementor-element elementor-element-5ab16633 elementor-widget elementor-widget-heading\" data-id=\"5ab16633\" data-element_type=\"widget\" data-widget_type=\"heading.default\">\n\t\t\t\t<div class=\"elementor-widget-container\">\n\t\t\t<h3 class=\"elementor-heading-title elementor-size-default\">Modulo di contatto<\/h3>\t\t<\/div>\n\t\t\t\t<\/div>\n\t\t\t\t<div class=\"elementor-element elementor-element-86a07e3 elementor-button-align-stretch elementor-widget elementor-widget-form\" data-id=\"86a07e3\" data-element_type=\"widget\" data-settings=\"{&quot;step_next_label&quot;:&quot;prossimo&quot;,&quot;step_previous_label&quot;:&quot;precedente&quot;,&quot;button_width&quot;:&quot;100&quot;,&quot;step_type&quot;:&quot;number_text&quot;,&quot;step_icon_shape&quot;:&quot;circle&quot;}\" data-widget_type=\"form.default\">\n\t\t\t\t<div class=\"elementor-widget-container\">\n\t\t\t\t\t<form class=\"elementor-form\" method=\"post\" name=\"New Form\">\n\t\t\t<input type=\"hidden\" name=\"post_id\" value=\"652\"\/>\n\t\t\t<input type=\"hidden\" name=\"form_id\" value=\"86a07e3\"\/>\n\t\t\t<input type=\"hidden\" name=\"referer_title\" value=\"Malla para piscinas Leaf Pool Cover\" \/>\n\n\t\t\t\n\t\t\t<div class=\"elementor-form-fields-wrapper elementor-labels-above\">\n\t\t\t\t\t\t\t\t<div class=\"elementor-field-type-select elementor-field-group elementor-column elementor-field-group-field_8ba0870 elementor-col-100 elementor-field-required\">\n\t\t\t\t\t\t\t\t\t\t\t\t<label for=\"form-field-field_8ba0870\" class=\"elementor-field-label\">\n\t\t\t\t\t\t\t\tScelga un'opzione\t\t\t\t\t\t\t<\/label>\n\t\t\t\t\t\t\t\t<div class=\"elementor-field elementor-select-wrapper remove-before \">\n\t\t\t<div class=\"select-caret-down-wrapper\">\n\t\t\t\t<i aria-hidden=\"true\" class=\"eicon-caret-down\"><\/i>\t\t\t<\/div>\n\t\t\t<select name=\"form_fields[field_8ba0870]\" id=\"form-field-field_8ba0870\" class=\"elementor-field-textual elementor-size-sm\" required=\"required\" aria-required=\"true\">\n\t\t\t\t\t\t\t\t\t<option value=\"Sono una persona privata\">Sono una persona privata<\/option>\n\t\t\t\t\t\t\t\t\t<option value=\"Sono un distributore\">Sono un distributore<\/option>\n\t\t\t\t\t\t\t\t\t<option value=\"Sono un agente commerciale\">Sono un agente commerciale<\/option>\n\t\t\t\t\t\t\t<\/select>\n\t\t<\/div>\n\t\t\t\t\t\t<\/div>\n\t\t\t\t\t\t\t\t<div class=\"elementor-field-type-text elementor-field-group elementor-column elementor-field-group-name elementor-col-100\">\n\t\t\t\t\t\t\t\t\t\t\t\t<label for=\"form-field-name\" class=\"elementor-field-label\">\n\t\t\t\t\t\t\t\tNome\t\t\t\t\t\t\t<\/label>\n\t\t\t\t\t\t\t\t\t\t\t\t\t\t<input size=\"1\" type=\"text\" name=\"form_fields[name]\" id=\"form-field-name\" class=\"elementor-field elementor-size-sm  elementor-field-textual\">\n\t\t\t\t\t\t\t\t\t\t\t<\/div>\n\t\t\t\t\t\t\t\t<div class=\"elementor-field-type-email elementor-field-group elementor-column elementor-field-group-email elementor-col-100 elementor-field-required\">\n\t\t\t\t\t\t\t\t\t\t\t\t<label for=\"form-field-email\" class=\"elementor-field-label\">\n\t\t\t\t\t\t\t\tEmail\t\t\t\t\t\t\t<\/label>\n\t\t\t\t\t\t\t\t\t\t\t\t\t\t<input size=\"1\" type=\"email\" name=\"form_fields[email]\" id=\"form-field-email\" class=\"elementor-field elementor-size-sm  elementor-field-textual\" required=\"required\" aria-required=\"true\">\n\t\t\t\t\t\t\t\t\t\t\t<\/div>\n\t\t\t\t\t\t\t\t<div class=\"elementor-field-type-textarea elementor-field-group elementor-column elementor-field-group-field_2e6f38d elementor-col-100\">\n\t\t\t\t\t\t\t\t\t\t\t\t<label for=\"form-field-field_2e6f38d\" class=\"elementor-field-label\">\n\t\t\t\t\t\t\t\tMessaggio\t\t\t\t\t\t\t<\/label>\n\t\t\t\t\t\t<textarea class=\"elementor-field-textual elementor-field  elementor-size-sm\" name=\"form_fields[field_2e6f38d]\" id=\"form-field-field_2e6f38d\" rows=\"4\"><\/textarea>\t\t\t\t<\/div>\n\t\t\t\t\t\t\t\t<div class=\"elementor-field-type-acceptance elementor-field-group elementor-column elementor-field-group-field_a8be6fb elementor-col-100\">\n\t\t\t\t\t\t\t<div class=\"elementor-field-subgroup\">\n\t\t\t<span class=\"elementor-field-option\">\n\t\t\t\t<input type=\"checkbox\" name=\"form_fields[field_a8be6fb]\" id=\"form-field-field_a8be6fb\" class=\"elementor-field elementor-size-sm  elementor-acceptance-field\">\n\t\t\t\t<label for=\"form-field-field_a8be6fb\">Ho letto e accetto la politica sulla privacy.<\/label>\t\t\t<\/span>\n\t\t<\/div>\n\t\t\t\t\t\t<\/div>\n\t\t\t\t\t\t\t\t<div class=\"elementor-field-type-recaptcha_v3 elementor-field-group elementor-column elementor-field-group-field_b960899 elementor-col-100 recaptcha_v3-bottomright\">\n\t\t\t\t\t<div class=\"elementor-field\" id=\"form-field-field_b960899\"><div class=\"elementor-g-recaptcha\" data-sitekey=\"6LfLVvggAAAAAGtElFZsZSThPEo7Aar5Snp_S_wP\" data-type=\"v3\" data-action=\"Form\" data-badge=\"bottomright\" data-size=\"invisible\"><\/div><\/div>\t\t\t\t<\/div>\n\t\t\t\t\t\t\t\t<div class=\"elementor-field-group elementor-column elementor-field-type-submit elementor-col-100 e-form__buttons\">\n\t\t\t\t\t<button class=\"elementor-button elementor-size-sm\" type=\"submit\">\n\t\t\t\t\t\t<span class=\"elementor-button-content-wrapper\">\n\t\t\t\t\t\t\t\t\t\t\t\t\t\t\t\t\t\t\t\t\t\t<span class=\"elementor-button-text\">Invia<\/span>\n\t\t\t\t\t\t\t\t\t\t\t\t\t<\/span>\n\t\t\t\t\t<\/button>\n\t\t\t\t<\/div>\n\t\t\t<\/div>\n\t\t<\/form>\n\t\t\t\t<\/div>\n\t\t\t\t<\/div>\n\t\t\t\t<div class=\"elementor-element elementor-element-4bf96d32 elementor-widget elementor-widget-text-editor\" data-id=\"4bf96d32\" data-element_type=\"widget\" data-widget_type=\"text-editor.default\">\n\t\t\t\t<div class=\"elementor-widget-container\">\n\t\t\t\t\t\t\t<p><span style=\"vertical-align: inherit;\"><span style=\"vertical-align: inherit;\">Informazioni di base sul trattamento dei suoi dati:<\/span><\/span><br \/><span style=\"vertical-align: inherit;\"><span style=\"vertical-align: inherit;\"><strong>Responsabile:<\/strong> FUN AND GO 2035, S.L.U. <strong>Scopo:<\/strong> Gestire e gestire la sua richiesta di informazioni. <strong>Diritti:<\/strong> Lei ha il diritto di accesso, rettifica, cancellazione, limitazione, opposizione al trattamento e portabilit\u00e0. Pu\u00f2 farlo all&#8217;indirizzo rgpd@leafpoolcover.com | Maggiori informazioni nella Politica sulla privacy.<\/span><\/span><\/p>\n\t\t\t\t\t\t<\/div>\n\t\t\t\t<\/div>\n\t\t\t\t\t<\/div>\n\t\t<\/div>\n\t\t\t\t\t<\/div>\n\t\t<\/section>\n\t\t\t\t<\/div>\n\t\t","protected":false},"excerpt":{"rendered":"<p>Contatto Leaf Pool Cover Risolviamo i suoi dubbi Pu\u00f2 chiamarci o inviarci la sua richiesta e la risolveremo al pi\u00f9 presto. Siamo disponibili dal luned\u00ec al venerd\u00ec da 09:00H. alle 18:00H. \ud83d\udd58 +34 934 920 085 info@leafpoolcover.com Modulo di contatto Informazioni di base sul trattamento dei suoi dati:Responsabile: FUN AND GO 2035, S.L.U. Scopo: Gestire &hellip;<\/p>\n<p class=\"read-more\"> <a class=\"\" href=\"https:\/\/www.leafpoolcover.com\/it\/contatto\/\"> <span class=\"screen-reader-text\">Contatto<\/span> Read More &raquo;<\/a><\/p>\n","protected":false},"author":1,"featured_media":0,"parent":0,"menu_order":0,"comment_status":"closed","ping_status":"closed","template":"","meta":{"site-sidebar-layout":"no-sidebar","site-content-layout":"page-builder","ast-global-header-display":"","ast-main-header-display":"","ast-hfb-above-header-display":"","ast-hfb-below-header-display":"","ast-hfb-mobile-header-display":"","site-post-title":"disabled","ast-breadcrumbs-content":"","ast-featured-img":"disabled","footer-sml-layout":"","theme-transparent-header-meta":"","adv-header-id-meta":"","stick-header-meta":"","header-above-stick-meta":"","header-main-stick-meta":"","header-below-stick-meta":"","footnotes":""},"class_list":["post-652","page","type-page","status-publish","hentry"],"yoast_head":"<!-- This site is optimized with the Yoast SEO plugin v23.8 - https:\/\/yoast.com\/wordpress\/plugins\/seo\/ -->\n<title>Contatto Leaf Pool Cover : Rete per piscine<\/title>\n<meta name=\"description\" content=\"Risolviamo i suoi dubbi. Pu\u00f2 chiamarci o inviarci la sua richiesta e la risolveremo al pi\u00f9 presto.\" \/>\n<meta name=\"robots\" content=\"index, follow, max-snippet:-1, max-image-preview:large, max-video-preview:-1\" \/>\n<link rel=\"canonical\" href=\"https:\/\/www.leafpoolcover.com\/contacto-malla-para-piscinas\/\" \/>\n<meta property=\"og:locale\" content=\"it_IT\" \/>\n<meta property=\"og:type\" content=\"article\" \/>\n<meta property=\"og:title\" content=\"Contatto Leaf Pool Cover : Rete per piscine\" \/>\n<meta property=\"og:description\" content=\"Risolviamo i suoi dubbi. Pu\u00f2 chiamarci o inviarci la sua richiesta e la risolveremo al pi\u00f9 presto.\" \/>\n<meta property=\"og:url\" content=\"https:\/\/www.leafpoolcover.com\/contacto-malla-para-piscinas\/\" \/>\n<meta property=\"og:site_name\" content=\"Malla para piscinas Leaf Pool Cover\" \/>\n<meta property=\"article:modified_time\" content=\"2023-01-31T13:00:41+00:00\" \/>\n<meta name=\"twitter:card\" content=\"summary_large_image\" \/>\n<script type=\"application\/ld+json\" class=\"yoast-schema-graph\">{\"@context\":\"https:\/\/schema.org\",\"@graph\":[{\"@type\":\"WebPage\",\"@id\":\"https:\/\/www.leafpoolcover.com\/contacto-malla-para-piscinas\/\",\"url\":\"https:\/\/www.leafpoolcover.com\/contacto-malla-para-piscinas\/\",\"name\":\"Contatto Leaf Pool Cover : Rete per piscine\",\"isPartOf\":{\"@id\":\"https:\/\/www.leafpoolcover.com\/en\/#website\"},\"datePublished\":\"2022-06-30T09:35:51+00:00\",\"dateModified\":\"2023-01-31T13:00:41+00:00\",\"description\":\"Risolviamo i suoi dubbi. Pu\u00f2 chiamarci o inviarci la sua richiesta e la risolveremo al pi\u00f9 presto.\",\"breadcrumb\":{\"@id\":\"https:\/\/www.leafpoolcover.com\/contacto-malla-para-piscinas\/#breadcrumb\"},\"inLanguage\":\"it-IT\",\"potentialAction\":[{\"@type\":\"ReadAction\",\"target\":[\"https:\/\/www.leafpoolcover.com\/contacto-malla-para-piscinas\/\"]}]},{\"@type\":\"BreadcrumbList\",\"@id\":\"https:\/\/www.leafpoolcover.com\/contacto-malla-para-piscinas\/#breadcrumb\",\"itemListElement\":[{\"@type\":\"ListItem\",\"position\":1,\"name\":\"Portada\",\"item\":\"https:\/\/www.leafpoolcover.com\/it\/home\/\"},{\"@type\":\"ListItem\",\"position\":2,\"name\":\"Contatto\"}]},{\"@type\":\"WebSite\",\"@id\":\"https:\/\/www.leafpoolcover.com\/en\/#website\",\"url\":\"https:\/\/www.leafpoolcover.com\/en\/\",\"name\":\"Malla para piscinas Leaf Pool Cover\",\"description\":\"Malla para piscinas, malla anti hojas piscinas, cobertor piscina, mantener la piscina limpia f\u00e1cilmente.\",\"potentialAction\":[{\"@type\":\"SearchAction\",\"target\":{\"@type\":\"EntryPoint\",\"urlTemplate\":\"https:\/\/www.leafpoolcover.com\/en\/?s={search_term_string}\"},\"query-input\":{\"@type\":\"PropertyValueSpecification\",\"valueRequired\":true,\"valueName\":\"search_term_string\"}}],\"inLanguage\":\"it-IT\"}]}<\/script>\n<!-- \/ Yoast SEO plugin. -->","yoast_head_json":{"title":"Contatto Leaf Pool Cover : Rete per piscine","description":"Risolviamo i suoi dubbi. Pu\u00f2 chiamarci o inviarci la sua richiesta e la risolveremo al pi\u00f9 presto.","robots":{"index":"index","follow":"follow","max-snippet":"max-snippet:-1","max-image-preview":"max-image-preview:large","max-video-preview":"max-video-preview:-1"},"canonical":"https:\/\/www.leafpoolcover.com\/contacto-malla-para-piscinas\/","og_locale":"it_IT","og_type":"article","og_title":"Contatto Leaf Pool Cover : Rete per piscine","og_description":"Risolviamo i suoi dubbi. Pu\u00f2 chiamarci o inviarci la sua richiesta e la risolveremo al pi\u00f9 presto.","og_url":"https:\/\/www.leafpoolcover.com\/contacto-malla-para-piscinas\/","og_site_name":"Malla para piscinas Leaf Pool Cover","article_modified_time":"2023-01-31T13:00:41+00:00","twitter_card":"summary_large_image","schema":{"@context":"https:\/\/schema.org","@graph":[{"@type":"WebPage","@id":"https:\/\/www.leafpoolcover.com\/contacto-malla-para-piscinas\/","url":"https:\/\/www.leafpoolcover.com\/contacto-malla-para-piscinas\/","name":"Contatto Leaf Pool Cover : Rete per piscine","isPartOf":{"@id":"https:\/\/www.leafpoolcover.com\/en\/#website"},"datePublished":"2022-06-30T09:35:51+00:00","dateModified":"2023-01-31T13:00:41+00:00","description":"Risolviamo i suoi dubbi. Pu\u00f2 chiamarci o inviarci la sua richiesta e la risolveremo al pi\u00f9 presto.","breadcrumb":{"@id":"https:\/\/www.leafpoolcover.com\/contacto-malla-para-piscinas\/#breadcrumb"},"inLanguage":"it-IT","potentialAction":[{"@type":"ReadAction","target":["https:\/\/www.leafpoolcover.com\/contacto-malla-para-piscinas\/"]}]},{"@type":"BreadcrumbList","@id":"https:\/\/www.leafpoolcover.com\/contacto-malla-para-piscinas\/#breadcrumb","itemListElement":[{"@type":"ListItem","position":1,"name":"Portada","item":"https:\/\/www.leafpoolcover.com\/it\/home\/"},{"@type":"ListItem","position":2,"name":"Contatto"}]},{"@type":"WebSite","@id":"https:\/\/www.leafpoolcover.com\/en\/#website","url":"https:\/\/www.leafpoolcover.com\/en\/","name":"Malla para piscinas Leaf Pool Cover","description":"Malla para piscinas, malla anti hojas piscinas, cobertor piscina, mantener la piscina limpia f\u00e1cilmente.","potentialAction":[{"@type":"SearchAction","target":{"@type":"EntryPoint","urlTemplate":"https:\/\/www.leafpoolcover.com\/en\/?s={search_term_string}"},"query-input":{"@type":"PropertyValueSpecification","valueRequired":true,"valueName":"search_term_string"}}],"inLanguage":"it-IT"}]}},"_links":{"self":[{"href":"https:\/\/www.leafpoolcover.com\/it\/wp-json\/wp\/v2\/pages\/652"}],"collection":[{"href":"https:\/\/www.leafpoolcover.com\/it\/wp-json\/wp\/v2\/pages"}],"about":[{"href":"https:\/\/www.leafpoolcover.com\/it\/wp-json\/wp\/v2\/types\/page"}],"author":[{"embeddable":true,"href":"https:\/\/www.leafpoolcover.com\/it\/wp-json\/wp\/v2\/users\/1"}],"replies":[{"embeddable":true,"href":"https:\/\/www.leafpoolcover.com\/it\/wp-json\/wp\/v2\/comments?post=652"}],"version-history":[{"count":6,"href":"https:\/\/www.leafpoolcover.com\/it\/wp-json\/wp\/v2\/pages\/652\/revisions"}],"predecessor-version":[{"id":1847,"href":"https:\/\/www.leafpoolcover.com\/it\/wp-json\/wp\/v2\/pages\/652\/revisions\/1847"}],"wp:attachment":[{"href":"https:\/\/www.leafpoolcover.com\/it\/wp-json\/wp\/v2\/media?parent=652"}],"curies":[{"name":"wp","href":"https:\/\/api.w.org\/{rel}","templated":true}]}}