{"id":1151,"date":"2022-06-30T12:46:08","date_gmt":"2022-06-30T10:46:08","guid":{"rendered":"https:\/\/www.leafpoolcover.com\/politique-de-privacite\/"},"modified":"2022-07-29T08:01:55","modified_gmt":"2022-07-29T06:01:55","slug":"politique-de-privacite","status":"publish","type":"page","link":"https:\/\/www.leafpoolcover.com\/fr\/politique-de-privacite\/","title":{"rendered":"Politique de privacit\u00e9"},"content":{"rendered":"\t\t<div data-elementor-type=\"wp-page\" data-elementor-id=\"1151\" class=\"elementor elementor-1151 elementor-162\" data-elementor-post-type=\"page\">\n\t\t\t\t\t\t<section class=\"elementor-section elementor-top-section elementor-element elementor-element-792e112a elementor-section-boxed elementor-section-height-default elementor-section-height-default\" data-id=\"792e112a\" data-element_type=\"section\">\n\t\t\t\t\t\t<div class=\"elementor-container elementor-column-gap-default\">\n\t\t\t\t\t<div class=\"elementor-column elementor-col-100 elementor-top-column elementor-element elementor-element-582af75f\" data-id=\"582af75f\" data-element_type=\"column\">\n\t\t\t<div class=\"elementor-widget-wrap elementor-element-populated\">\n\t\t\t\t\t\t<div class=\"elementor-element elementor-element-2fb8a2de elementor-widget elementor-widget-heading\" data-id=\"2fb8a2de\" data-element_type=\"widget\" data-widget_type=\"heading.default\">\n\t\t\t\t<div class=\"elementor-widget-container\">\n\t\t\t<h2 class=\"elementor-heading-title elementor-size-default\">Politique de privacit\u00e9<\/h2>\t\t<\/div>\n\t\t\t\t<\/div>\n\t\t\t\t\t<\/div>\n\t\t<\/div>\n\t\t\t\t\t<\/div>\n\t\t<\/section>\n\t\t\t\t<section class=\"elementor-section elementor-top-section elementor-element elementor-element-df90bcb elementor-section-boxed elementor-section-height-default elementor-section-height-default\" data-id=\"df90bcb\" data-element_type=\"section\">\n\t\t\t\t\t\t<div class=\"elementor-container elementor-column-gap-default\">\n\t\t\t\t\t<div class=\"elementor-column elementor-col-100 elementor-top-column elementor-element elementor-element-89ad731\" data-id=\"89ad731\" data-element_type=\"column\">\n\t\t\t<div class=\"elementor-widget-wrap elementor-element-populated\">\n\t\t\t\t\t\t<div class=\"elementor-element elementor-element-baab4dd elementor-widget elementor-widget-text-editor\" data-id=\"baab4dd\" data-element_type=\"widget\" data-widget_type=\"text-editor.default\">\n\t\t\t\t<div class=\"elementor-widget-container\">\n\t\t\t\t\t\t\t<p><strong>L&rsquo;INFORMATION \u00c0 L&rsquo;UTILISATEUR<\/strong><\/p><p>FUN &amp; GO 2035, S.L.U., ci-apr\u00e8s le RESPONSABLE, est responsable du traitement des donn\u00e9es \u00e0 caract\u00e8re personnel de l&rsquo;Utilisateur et vous informe que ces donn\u00e9es seront trait\u00e9es conform\u00e9ment aux dispositions du r\u00e8glement (UE) 2016\/679 du 27 avril (GDPR) et de la loi organique 3\/2018 du 5 d\u00e9cembre (LOPDGDD), pour lesquelles les informations de traitement suivantes vous sont fournies :<\/p><p>Finalit\u00e9 du traitement : entretenir une relation commerciale avec l&rsquo;Utilisateur. Les op\u00e9rations envisag\u00e9es pour r\u00e9aliser le traitement sont :<\/p><p>Envoi de communications publicitaires commerciales par courrier \u00e9lectronique, fax, SMS, MMS, communaut\u00e9s sociales ou tout autre moyen \u00e9lectronique ou physique, pr\u00e9sent ou futur, permettant des communications commerciales. Ces communications seront effectu\u00e9es par le RESPONSABLE et li\u00e9es \u00e0 ses produits et services, ou \u00e0 ceux de ses collaborateurs ou fournisseurs avec lesquels il a conclu un accord promotionnel. Dans ce cas, les tiers n&rsquo;auront jamais acc\u00e8s aux donn\u00e9es personnelles.<br \/>Pour r\u00e9aliser des \u00e9tudes statistiques.<br \/>Traiter les commandes, les demandes ou tout type de requ\u00eate faite par l&rsquo;utilisateur \u00e0 travers l&rsquo;un des formulaires de contact mis \u00e0 sa disposition.<br \/>Pour envoyer le bulletin d&rsquo;information du site web.<\/p><p>Base juridique du traitement : consentement de la personne concern\u00e9e.<\/p><p>Crit\u00e8res de conservation des donn\u00e9es : les donn\u00e9es seront conserv\u00e9es pendant une dur\u00e9e n&rsquo;exc\u00e9dant pas celle n\u00e9cessaire au maintien de la finalit\u00e9 du traitement et lorsqu&rsquo;elles ne seront plus n\u00e9cessaires \u00e0 cette finalit\u00e9, elles seront supprim\u00e9es avec des mesures de s\u00e9curit\u00e9 appropri\u00e9es pour assurer la pseudonymisation des donn\u00e9es ou la destruction totale des donn\u00e9es.<\/p><p>Communication des donn\u00e9es : Les donn\u00e9es ne seront pas communiqu\u00e9es \u00e0 des tiers, sauf en cas d&rsquo;obligation l\u00e9gale.<\/p><p>Droits de l&rsquo;utilisateur :<\/p><p>Droit de retirer le consentement \u00e0 tout moment.<br \/>Droit d&rsquo;acc\u00e8s, de rectification, de portabilit\u00e9 et d&rsquo;effacement de leurs donn\u00e9es et de limitation ou d&rsquo;opposition \u00e0 leur traitement.<br \/>Le droit d&rsquo;introduire une plainte aupr\u00e8s de l&rsquo;autorit\u00e9 de surveillance (www.aepd.es) s&rsquo;il estime que le traitement n&rsquo;est pas conforme \u00e0 la r\u00e9glementation en vigueur.<\/p><p>Coordonn\u00e9es pour exercer vos droits : FUN &amp; GO 2035, S.L.U. Pol\u00edgono Industrial Llinars Park, C\/ Mogent n\u00ba 252-254, 08450 Llinars del Valles (Barcelone). Courriel : rgpd@leafpoolcover.com<\/p><p>CARACT\u00c8RE OBLIGATOIRE OU FACULTATIF DES INFORMATIONS FOURNIES PAR L&rsquo;UTILISATEUR<\/p><p>L&rsquo;utilisateur, en cochant les cases correspondantes et en saisissant les donn\u00e9es dans les champs marqu\u00e9s d&rsquo;un ast\u00e9risque (*) dans le formulaire de contact ou pr\u00e9sent\u00e9s dans les formulaires de t\u00e9l\u00e9chargement, accepte express\u00e9ment, librement et sans \u00e9quivoque que ses donn\u00e9es soient n\u00e9cessaires au traitement de sa demande par le prestataire, l&rsquo;inclusion des donn\u00e9es dans les autres champs \u00e9tant volontaire. L&rsquo;Utilisateur garantit que les donn\u00e9es personnelles fournies au RESPONSABLE sont v\u00e9ridiques et est responsable de la communication de toute modification de celles-ci.<\/p><p>Le RESPONSABLE informe et garantit express\u00e9ment aux utilisateurs que leurs donn\u00e9es personnelles ne seront en aucun cas c\u00e9d\u00e9es \u00e0 des tiers, et que chaque fois qu&rsquo;un type de transfert de donn\u00e9es personnelles sera effectu\u00e9, le consentement expr\u00e8s, inform\u00e9 et sans \u00e9quivoque des Utilisateurs sera pr\u00e9alablement demand\u00e9. Toutes les donn\u00e9es demand\u00e9es par le biais du site web sont obligatoires, car elles sont n\u00e9cessaires \u00e0 la fourniture d&rsquo;un service optimal \u00e0 l&rsquo;utilisateur. Si toutes les donn\u00e9es ne sont pas fournies, il n&rsquo;y a aucune garantie que les informations et les services fournis seront totalement adapt\u00e9s \u00e0 vos besoins.<\/p><p>MESURES DE S\u00c9CURIT\u00c9<\/p><p>Que conform\u00e9ment aux dispositions de la r\u00e9glementation en vigueur en mati\u00e8re de protection des donn\u00e9es personnelles, le RESPONSABLE respecte toutes les dispositions de la r\u00e9glementation GDPR pour le traitement des donn\u00e9es personnelles sous sa responsabilit\u00e9, et manifestement les principes d\u00e9crits \u00e0 l&rsquo;article 5 du GDPR, selon lesquels elles sont trait\u00e9es de mani\u00e8re licite, loyale et transparente par rapport \u00e0 la personne concern\u00e9e et sont ad\u00e9quates, pertinentes et limit\u00e9es \u00e0 ce qui est n\u00e9cessaire par rapport aux finalit\u00e9s pour lesquelles elles sont trait\u00e9es.<\/p><p>Le DONNEUR D&rsquo;ORDRE garantit qu&rsquo;il a mis en \u0153uvre des politiques techniques et organisationnelles appropri\u00e9es pour appliquer les mesures de s\u00e9curit\u00e9 pr\u00e9vues par le GDPR afin de prot\u00e9ger les droits et libert\u00e9s des Utilisateurs et qu&rsquo;il leur a communiqu\u00e9 les informations appropri\u00e9es pour qu&rsquo;ils puissent les exercer.<\/p>\t\t\t\t\t\t<\/div>\n\t\t\t\t<\/div>\n\t\t\t\t\t<\/div>\n\t\t<\/div>\n\t\t\t\t\t<\/div>\n\t\t<\/section>\n\t\t\t\t<\/div>\n\t\t","protected":false},"excerpt":{"rendered":"<p>Politique de privacit\u00e9 L&rsquo;INFORMATION \u00c0 L&rsquo;UTILISATEUR FUN &amp; GO 2035, S.L.U., ci-apr\u00e8s le RESPONSABLE, est responsable du traitement des donn\u00e9es \u00e0 caract\u00e8re personnel de l&rsquo;Utilisateur et vous informe que ces donn\u00e9es seront trait\u00e9es conform\u00e9ment aux dispositions du r\u00e8glement (UE) 2016\/679 du 27 avril (GDPR) et de la loi organique 3\/2018 du 5 d\u00e9cembre (LOPDGDD), pour &hellip;<\/p>\n<p class=\"read-more\"> <a class=\"\" href=\"https:\/\/www.leafpoolcover.com\/fr\/politique-de-privacite\/\"> <span class=\"screen-reader-text\">Politique de privacit\u00e9<\/span> Read More &raquo;<\/a><\/p>\n","protected":false},"author":1,"featured_media":0,"parent":0,"menu_order":0,"comment_status":"closed","ping_status":"closed","template":"elementor_header_footer","meta":{"site-sidebar-layout":"no-sidebar","site-content-layout":"page-builder","ast-global-header-display":"","ast-main-header-display":"","ast-hfb-above-header-display":"","ast-hfb-below-header-display":"","ast-hfb-mobile-header-display":"","site-post-title":"disabled","ast-breadcrumbs-content":"","ast-featured-img":"disabled","footer-sml-layout":"","theme-transparent-header-meta":"","adv-header-id-meta":"","stick-header-meta":"","header-above-stick-meta":"","header-main-stick-meta":"","header-below-stick-meta":"","footnotes":""},"class_list":["post-1151","page","type-page","status-publish","hentry"],"yoast_head":"<!-- This site is optimized with the Yoast SEO plugin v23.8 - https:\/\/yoast.com\/wordpress\/plugins\/seo\/ -->\n<title>Politique de privacit\u00e9 - Malla para piscinas Leaf Pool Cover<\/title>\n<meta name=\"robots\" content=\"noindex, follow\" \/>\n<meta property=\"og:locale\" content=\"fr_FR\" \/>\n<meta property=\"og:type\" content=\"article\" \/>\n<meta property=\"og:title\" content=\"Politique de privacit\u00e9 - Malla para piscinas Leaf Pool Cover\" \/>\n<meta property=\"og:description\" content=\"Politique de privacit\u00e9 L&rsquo;INFORMATION \u00c0 L&rsquo;UTILISATEUR FUN &amp; GO 2035, S.L.U., ci-apr\u00e8s le RESPONSABLE, est responsable du traitement des donn\u00e9es \u00e0 caract\u00e8re personnel de l&rsquo;Utilisateur et vous informe que ces donn\u00e9es seront trait\u00e9es conform\u00e9ment aux dispositions du r\u00e8glement (UE) 2016\/679 du 27 avril (GDPR) et de la loi organique 3\/2018 du 5 d\u00e9cembre (LOPDGDD), pour &hellip; Politique de privacit\u00e9 Read More &raquo;\" \/>\n<meta property=\"og:url\" content=\"https:\/\/www.leafpoolcover.com\/fr\/politique-de-privacite\/\" \/>\n<meta property=\"og:site_name\" content=\"Malla para piscinas Leaf Pool Cover\" \/>\n<meta property=\"article:modified_time\" content=\"2022-07-29T06:01:55+00:00\" \/>\n<meta name=\"twitter:card\" content=\"summary_large_image\" \/>\n<meta name=\"twitter:label1\" content=\"Dur\u00e9e de lecture estim\u00e9e\" \/>\n\t<meta name=\"twitter:data1\" content=\"4 minutes\" \/>\n<script type=\"application\/ld+json\" class=\"yoast-schema-graph\">{\"@context\":\"https:\/\/schema.org\",\"@graph\":[{\"@type\":\"WebPage\",\"@id\":\"https:\/\/www.leafpoolcover.com\/fr\/politique-de-privacite\/\",\"url\":\"https:\/\/www.leafpoolcover.com\/fr\/politique-de-privacite\/\",\"name\":\"Politique de privacit\u00e9 - Malla para piscinas Leaf Pool Cover\",\"isPartOf\":{\"@id\":\"https:\/\/www.leafpoolcover.com\/en\/#website\"},\"datePublished\":\"2022-06-30T10:46:08+00:00\",\"dateModified\":\"2022-07-29T06:01:55+00:00\",\"breadcrumb\":{\"@id\":\"https:\/\/www.leafpoolcover.com\/fr\/politique-de-privacite\/#breadcrumb\"},\"inLanguage\":\"fr-FR\",\"potentialAction\":[{\"@type\":\"ReadAction\",\"target\":[\"https:\/\/www.leafpoolcover.com\/fr\/politique-de-privacite\/\"]}]},{\"@type\":\"BreadcrumbList\",\"@id\":\"https:\/\/www.leafpoolcover.com\/fr\/politique-de-privacite\/#breadcrumb\",\"itemListElement\":[{\"@type\":\"ListItem\",\"position\":1,\"name\":\"Portada\",\"item\":\"https:\/\/www.leafpoolcover.com\/fr\/home\/\"},{\"@type\":\"ListItem\",\"position\":2,\"name\":\"Politique de privacit\u00e9\"}]},{\"@type\":\"WebSite\",\"@id\":\"https:\/\/www.leafpoolcover.com\/en\/#website\",\"url\":\"https:\/\/www.leafpoolcover.com\/en\/\",\"name\":\"Malla para piscinas Leaf Pool Cover\",\"description\":\"Malla para piscinas, malla anti hojas piscinas, cobertor piscina, mantener la piscina limpia f\u00e1cilmente.\",\"potentialAction\":[{\"@type\":\"SearchAction\",\"target\":{\"@type\":\"EntryPoint\",\"urlTemplate\":\"https:\/\/www.leafpoolcover.com\/en\/?s={search_term_string}\"},\"query-input\":{\"@type\":\"PropertyValueSpecification\",\"valueRequired\":true,\"valueName\":\"search_term_string\"}}],\"inLanguage\":\"fr-FR\"}]}<\/script>\n<!-- \/ Yoast SEO plugin. -->","yoast_head_json":{"title":"Politique de privacit\u00e9 - Malla para piscinas Leaf Pool Cover","robots":{"index":"noindex","follow":"follow"},"og_locale":"fr_FR","og_type":"article","og_title":"Politique de privacit\u00e9 - Malla para piscinas Leaf Pool Cover","og_description":"Politique de privacit\u00e9 L&rsquo;INFORMATION \u00c0 L&rsquo;UTILISATEUR FUN &amp; GO 2035, S.L.U., ci-apr\u00e8s le RESPONSABLE, est responsable du traitement des donn\u00e9es \u00e0 caract\u00e8re personnel de l&rsquo;Utilisateur et vous informe que ces donn\u00e9es seront trait\u00e9es conform\u00e9ment aux dispositions du r\u00e8glement (UE) 2016\/679 du 27 avril (GDPR) et de la loi organique 3\/2018 du 5 d\u00e9cembre (LOPDGDD), pour &hellip; Politique de privacit\u00e9 Read More &raquo;","og_url":"https:\/\/www.leafpoolcover.com\/fr\/politique-de-privacite\/","og_site_name":"Malla para piscinas Leaf Pool Cover","article_modified_time":"2022-07-29T06:01:55+00:00","twitter_card":"summary_large_image","twitter_misc":{"Dur\u00e9e de lecture estim\u00e9e":"4 minutes"},"schema":{"@context":"https:\/\/schema.org","@graph":[{"@type":"WebPage","@id":"https:\/\/www.leafpoolcover.com\/fr\/politique-de-privacite\/","url":"https:\/\/www.leafpoolcover.com\/fr\/politique-de-privacite\/","name":"Politique de privacit\u00e9 - Malla para piscinas Leaf Pool Cover","isPartOf":{"@id":"https:\/\/www.leafpoolcover.com\/en\/#website"},"datePublished":"2022-06-30T10:46:08+00:00","dateModified":"2022-07-29T06:01:55+00:00","breadcrumb":{"@id":"https:\/\/www.leafpoolcover.com\/fr\/politique-de-privacite\/#breadcrumb"},"inLanguage":"fr-FR","potentialAction":[{"@type":"ReadAction","target":["https:\/\/www.leafpoolcover.com\/fr\/politique-de-privacite\/"]}]},{"@type":"BreadcrumbList","@id":"https:\/\/www.leafpoolcover.com\/fr\/politique-de-privacite\/#breadcrumb","itemListElement":[{"@type":"ListItem","position":1,"name":"Portada","item":"https:\/\/www.leafpoolcover.com\/fr\/home\/"},{"@type":"ListItem","position":2,"name":"Politique de privacit\u00e9"}]},{"@type":"WebSite","@id":"https:\/\/www.leafpoolcover.com\/en\/#website","url":"https:\/\/www.leafpoolcover.com\/en\/","name":"Malla para piscinas Leaf Pool Cover","description":"Malla para piscinas, malla anti hojas piscinas, cobertor piscina, mantener la piscina limpia f\u00e1cilmente.","potentialAction":[{"@type":"SearchAction","target":{"@type":"EntryPoint","urlTemplate":"https:\/\/www.leafpoolcover.com\/en\/?s={search_term_string}"},"query-input":{"@type":"PropertyValueSpecification","valueRequired":true,"valueName":"search_term_string"}}],"inLanguage":"fr-FR"}]}},"_links":{"self":[{"href":"https:\/\/www.leafpoolcover.com\/fr\/wp-json\/wp\/v2\/pages\/1151"}],"collection":[{"href":"https:\/\/www.leafpoolcover.com\/fr\/wp-json\/wp\/v2\/pages"}],"about":[{"href":"https:\/\/www.leafpoolcover.com\/fr\/wp-json\/wp\/v2\/types\/page"}],"author":[{"embeddable":true,"href":"https:\/\/www.leafpoolcover.com\/fr\/wp-json\/wp\/v2\/users\/1"}],"replies":[{"embeddable":true,"href":"https:\/\/www.leafpoolcover.com\/fr\/wp-json\/wp\/v2\/comments?post=1151"}],"version-history":[{"count":4,"href":"https:\/\/www.leafpoolcover.com\/fr\/wp-json\/wp\/v2\/pages\/1151\/revisions"}],"predecessor-version":[{"id":1164,"href":"https:\/\/www.leafpoolcover.com\/fr\/wp-json\/wp\/v2\/pages\/1151\/revisions\/1164"}],"wp:attachment":[{"href":"https:\/\/www.leafpoolcover.com\/fr\/wp-json\/wp\/v2\/media?parent=1151"}],"curies":[{"name":"wp","href":"https:\/\/api.w.org\/{rel}","templated":true}]}}