{"id":1145,"date":"2022-06-30T15:53:17","date_gmt":"2022-06-30T13:53:17","guid":{"rendered":"https:\/\/www.leafpoolcover.com\/politique-de-cookies\/"},"modified":"2022-07-29T07:58:59","modified_gmt":"2022-07-29T05:58:59","slug":"politique-de-cookies","status":"publish","type":"page","link":"https:\/\/www.leafpoolcover.com\/fr\/politique-de-cookies\/","title":{"rendered":"Politique de cookies"},"content":{"rendered":"\t\t<div data-elementor-type=\"wp-page\" data-elementor-id=\"1145\" class=\"elementor elementor-1145 elementor-260\" data-elementor-post-type=\"page\">\n\t\t\t\t\t\t<section class=\"elementor-section elementor-top-section elementor-element elementor-element-523b82a4 elementor-section-boxed elementor-section-height-default elementor-section-height-default\" data-id=\"523b82a4\" data-element_type=\"section\">\n\t\t\t\t\t\t<div class=\"elementor-container elementor-column-gap-default\">\n\t\t\t\t\t<div class=\"elementor-column elementor-col-100 elementor-top-column elementor-element elementor-element-6cf8b3e3\" data-id=\"6cf8b3e3\" data-element_type=\"column\">\n\t\t\t<div class=\"elementor-widget-wrap elementor-element-populated\">\n\t\t\t\t\t\t<div class=\"elementor-element elementor-element-abcdbec elementor-widget elementor-widget-heading\" data-id=\"abcdbec\" data-element_type=\"widget\" data-widget_type=\"heading.default\">\n\t\t\t\t<div class=\"elementor-widget-container\">\n\t\t\t<h2 class=\"elementor-heading-title elementor-size-default\">Politique de cookies<\/h2>\t\t<\/div>\n\t\t\t\t<\/div>\n\t\t\t\t<div class=\"elementor-element elementor-element-495b352 elementor-widget elementor-widget-spacer\" data-id=\"495b352\" data-element_type=\"widget\" data-widget_type=\"spacer.default\">\n\t\t\t\t<div class=\"elementor-widget-container\">\n\t\t\t\t\t<div class=\"elementor-spacer\">\n\t\t\t<div class=\"elementor-spacer-inner\"><\/div>\n\t\t<\/div>\n\t\t\t\t<\/div>\n\t\t\t\t<\/div>\n\t\t\t\t<div class=\"elementor-element elementor-element-29f5997a elementor-widget elementor-widget-text-editor\" data-id=\"29f5997a\" data-element_type=\"widget\" data-widget_type=\"text-editor.default\">\n\t\t\t\t<div class=\"elementor-widget-container\">\n\t\t\t\t\t\t\t<p>INFORMATIONS SUR LES COOKIES<\/p><p>En raison de l&rsquo;entr\u00e9e en vigueur de la modification de la \u00ab\u00a0Ley de Servicios de la Sociedad de la Informaci\u00f3n\u00a0\u00bb (LSSICE) \u00e9tablie par le d\u00e9cret royal 13\/2012, il est obligatoire d&rsquo;obtenir le consentement expr\u00e8s de l&rsquo;utilisateur de tous les sites web qui utilisent des cookies dispensables, avant que l&rsquo;utilisateur ne les consulte.<\/p><p>QUE SONT LES COOKIES ?<\/p><p>Les cookies et autres technologies similaires telles que les objets locaux partag\u00e9s, les cookies flash ou les pixels, sont des outils utilis\u00e9s par les serveurs web pour stocker et r\u00e9cup\u00e9rer des informations sur leurs visiteurs, ainsi que pour assurer un fonctionnement correct du site.<\/p><p>L&rsquo;utilisation de ces dispositifs permet au serveur Web de se souvenir de certaines donn\u00e9es concernant l&rsquo;utilisateur, telles que ses pr\u00e9f\u00e9rences pour la consultation des pages de ce serveur, son nom et son mot de passe, les produits qui l&rsquo;int\u00e9ressent le plus, etc.<\/p><p>COOKIES CONCERN\u00c9S PAR LE R\u00c8GLEMENT ET COOKIES EXEMPT\u00c9S<\/p><p>Selon la directive europ\u00e9enne, les cookies qui n\u00e9cessitent le consentement \u00e9clair\u00e9 de l&rsquo;utilisateur sont les cookies analytiques et les cookies de publicit\u00e9 et d&rsquo;affiliation, \u00e0 l&rsquo;exception des cookies techniques et de ceux n\u00e9cessaires au fonctionnement du site web ou \u00e0 la fourniture de services express\u00e9ment demand\u00e9s par l&rsquo;utilisateur.<\/p><p>QUELS SONT LES TYPES DE COOKIES ?<\/p><p>Il existe cinq groupes principaux de cookies :<\/p><p>Cookies analytiques : ils collectent des informations sur l&rsquo;utilisation faite du site web.<\/p><p>Cookies sociaux : ils sont n\u00e9cessaires pour les r\u00e9seaux sociaux externes.<\/p><p>Cookies d&rsquo;affiliation : ils permettent de suivre les visites d&rsquo;autres sites web avec lesquels le site web \u00e9tablit un contrat d&rsquo;affiliation (soci\u00e9t\u00e9s d&rsquo;affiliation).<\/p><p>Cookies publicitaires et comportementaux : ils collectent des informations sur les pr\u00e9f\u00e9rences et les choix personnels de l&rsquo;utilisateur (reciblage).<\/p><p>Cookies techniques et fonctionnels : ils sont strictement n\u00e9cessaires \u00e0 l&rsquo;utilisation du site web et \u00e0 la fourniture du service contract\u00e9.<\/p><p>COOKIES UTILIS\u00c9S SUR CE SITE WEB<\/p><p>PHPSESSID : cookie technique et strictement n\u00e9cessaire contenant l&rsquo;identifiant de la session. Il est supprim\u00e9 lorsque le navigateur est ferm\u00e9.<\/p><p>_lang : cookie technique et strictement n\u00e9cessaire contenant la langue de la session. Il est supprim\u00e9 lorsque le navigateur est ferm\u00e9.<\/p><p>ac_cookies : cookie technique et strictement n\u00e9cessaire contenant la valeur de l&rsquo;acceptation ou non de l&rsquo;installation de cookies. Il expire 1 an apr\u00e8s la derni\u00e8re mise \u00e0 jour.<\/p><p>_ga : cookie Google Analytics qui permet la fonction de suivi des visiteurs uniques. La premi\u00e8re fois qu&rsquo;un utilisateur entre sur le site web par le biais d&rsquo;un navigateur, ce cookie sera install\u00e9. Lorsque cet utilisateur se rendra \u00e0 nouveau sur le site web avec le m\u00eame navigateur, le cookie consid\u00e9rera qu&rsquo;il s&rsquo;agit du m\u00eame utilisateur. Ce n&rsquo;est que dans le cas o\u00f9 l&rsquo;utilisateur change de navigateur qu&rsquo;il sera consid\u00e9r\u00e9 comme un autre utilisateur. Il expire 2 ans apr\u00e8s la derni\u00e8re mise \u00e0 jour.<\/p><p>_gat : Ce cookie est associ\u00e9 \u00e0 Google Analytics. Il est utilis\u00e9 pour limiter le taux de demande &#8211; ce qui limite la collecte de donn\u00e9es sur les sites \u00e0 fort trafic. Il expire apr\u00e8s 10 minutes.<\/p><p>_gid : Ce cookie est associ\u00e9 \u00e0 Google Analytics. Il est utilis\u00e9 pour distinguer les utilisateurs. Il expire apr\u00e8s 24 heures.<\/p><p>R\u00c9V R\u00c9V R\u00c9VOCATION DU L&rsquo;AUTORISATION D&rsquo;INSTALLATION DE COOKIES<\/p><p>COMMENT SUPPRIMER LES COOKIES DE VOTRE NAVIGATEUR<\/p><p>Chrome<\/p><p>1. s\u00e9lectionnez l&rsquo;ic\u00f4ne Outils<\/p><p>2. Cliquez sur Param\u00e8tres.<\/p><p>3. Cliquez sur Afficher les options avanc\u00e9es.<\/p><p>4. Dans la section \u00ab\u00a0Confidentialit\u00e9\u00a0\u00bb, cliquez sur \u00ab\u00a0Param\u00e8tres de contenu\u00a0\u00bb.<\/p><p>&#8211; Supprimez les cookies : Cliquez sur Tous les cookies et les donn\u00e9es du site&#8230;.<\/p><p>&#8211; N&rsquo;autorisez pas le stockage des cookies.<\/p><p>5. Cliquez sur Supprimer les donn\u00e9es de navigation (effacer le cache).<\/p><p>6. Fermez et red\u00e9marrez le navigateur.<\/p><p>Pour plus d&rsquo;informations sur Chrome, cliquez ici : http:\/\/support.google.com\/chrome\/answer\/95647?hl=es<\/p><p>Internet Explorer. Version 11<\/p><p>1. s\u00e9lectionnez Outils | Options Internet.<\/p><p>2. Cliquez sur l&rsquo;onglet G\u00e9n\u00e9ral.<\/p><p>3. Dans la section \u00ab\u00a0Historique de navigation\u00a0\u00bb, cliquez sur \u00ab\u00a0Supprimer l&rsquo;historique de navigation \u00e0 la sortie\u00a0\u00bb.<\/p><p>4. S\u00e9lectionnez Supprimer les fichiers.<\/p><p>5. S\u00e9lectionnez Supprimer les cookies.<\/p><p>6. Cliquez sur Supprimer.<\/p><p>7. Cliquez sur OK.<\/p><p>8. Fermez et red\u00e9marrez le navigateur.<\/p><p>Pour plus d&rsquo;informations sur Internet Explorer, cliquez ici : https:\/\/support.microsoft.com\/es-es\/kb\/278835.<\/p><p>Firefox. Version 18<\/p><p>S\u00e9lectionnez Firefox | Historique | Effacer l&rsquo;historique r\u00e9cent.<\/p><p>2. \u00c0 c\u00f4t\u00e9 de \u00ab\u00a0D\u00e9tails\u00a0\u00bb, cliquez sur la fl\u00e8che vers le bas.<\/p><p>3. cochez les cases suivantes : Cookies, Cache, Logins actifs et Logons.<\/p><p>4. Dans le menu d\u00e9roulant \u00ab\u00a0Intervalle de temps \u00e0 effacer\u00a0\u00bb, s\u00e9lectionnez Tout.<\/p><p>5. Cliquez sur Effacer maintenant.<\/p><p>6. Fermez et red\u00e9marrez le navigateur.<\/p><p>Vous pouvez accepter ou refuser les cookies individuellement dans les pr\u00e9f\u00e9rences de Firefox, dans la section Historique disponible sous Outils &gt; Options &gt; Confidentialit\u00e9.<\/p><p>Pour plus d&rsquo;informations sur Mozilla Firefox, cliquez ici : https:\/\/www.mozilla.org\/es-ES\/privacy\/websites\/#cookies.<\/p><p>Safari Version 5.1<\/p><p>1. s\u00e9lectionnez l&rsquo;ic\u00f4ne Safari \/ Editer | R\u00e9initialiser Safari.<\/p><p>2. s\u00e9lectionnez les cases \u00e0 cocher suivantes : Effacer l&rsquo;historique, Supprimer toutes les donn\u00e9es du site Web, Supprimer toutes les donn\u00e9es du site Web, Supprimer toutes les donn\u00e9es du site Web.<\/p><p>3. Cliquez sur R\u00e9initialiser.<\/p><p>4. Fermez et red\u00e9marrez le navigateur.<\/p><p>Pour plus d&rsquo;informations sur Safari, cliquez ici : https:\/\/www.apple.com\/legal\/privacy\/en-ww\/cookies\/<\/p><p>Op\u00e9ra<\/p><p>Options &#8211; Avanc\u00e9 &#8211; Cookies.<br \/>Les options de cookies contr\u00f4lent la mani\u00e8re dont Opera traite les cookies et donc leur acceptation ou leur rejet.<\/p><p>Pour plus d&rsquo;informations sur Opera, cliquez ici : https:\/\/help.opera.com\/en\/latest\/security-and-privacy\/#clearBrowsingData<\/p><p>Autres navigateurs<\/p><p>Consultez la documentation du navigateur que vous avez install\u00e9.<\/p>\t\t\t\t\t\t<\/div>\n\t\t\t\t<\/div>\n\t\t\t\t\t<\/div>\n\t\t<\/div>\n\t\t\t\t\t<\/div>\n\t\t<\/section>\n\t\t\t\t<\/div>\n\t\t","protected":false},"excerpt":{"rendered":"<p>Politique de cookies INFORMATIONS SUR LES COOKIES En raison de l&rsquo;entr\u00e9e en vigueur de la modification de la \u00ab\u00a0Ley de Servicios de la Sociedad de la Informaci\u00f3n\u00a0\u00bb (LSSICE) \u00e9tablie par le d\u00e9cret royal 13\/2012, il est obligatoire d&rsquo;obtenir le consentement expr\u00e8s de l&rsquo;utilisateur de tous les sites web qui utilisent des cookies dispensables, avant que &hellip;<\/p>\n<p class=\"read-more\"> <a class=\"\" href=\"https:\/\/www.leafpoolcover.com\/fr\/politique-de-cookies\/\"> <span class=\"screen-reader-text\">Politique de cookies<\/span> Read More &raquo;<\/a><\/p>\n","protected":false},"author":1,"featured_media":0,"parent":0,"menu_order":0,"comment_status":"closed","ping_status":"closed","template":"elementor_header_footer","meta":{"site-sidebar-layout":"no-sidebar","site-content-layout":"page-builder","ast-global-header-display":"","ast-main-header-display":"","ast-hfb-above-header-display":"","ast-hfb-below-header-display":"","ast-hfb-mobile-header-display":"","site-post-title":"disabled","ast-breadcrumbs-content":"","ast-featured-img":"disabled","footer-sml-layout":"","theme-transparent-header-meta":"","adv-header-id-meta":"","stick-header-meta":"","header-above-stick-meta":"","header-main-stick-meta":"","header-below-stick-meta":"","footnotes":""},"class_list":["post-1145","page","type-page","status-publish","hentry"],"yoast_head":"<!-- This site is optimized with the Yoast SEO plugin v23.8 - https:\/\/yoast.com\/wordpress\/plugins\/seo\/ -->\n<title>Politique de cookies - Malla para piscinas Leaf Pool Cover<\/title>\n<meta name=\"robots\" content=\"noindex, follow\" \/>\n<meta property=\"og:locale\" content=\"fr_FR\" \/>\n<meta property=\"og:type\" content=\"article\" \/>\n<meta property=\"og:title\" content=\"Politique de cookies - Malla para piscinas Leaf Pool Cover\" \/>\n<meta property=\"og:description\" content=\"Politique de cookies INFORMATIONS SUR LES COOKIES En raison de l&rsquo;entr\u00e9e en vigueur de la modification de la \u00ab\u00a0Ley de Servicios de la Sociedad de la Informaci\u00f3n\u00a0\u00bb (LSSICE) \u00e9tablie par le d\u00e9cret royal 13\/2012, il est obligatoire d&rsquo;obtenir le consentement expr\u00e8s de l&rsquo;utilisateur de tous les sites web qui utilisent des cookies dispensables, avant que &hellip; Politique de cookies Read More &raquo;\" \/>\n<meta property=\"og:url\" content=\"https:\/\/www.leafpoolcover.com\/fr\/politique-de-cookies\/\" \/>\n<meta property=\"og:site_name\" content=\"Malla para piscinas Leaf Pool Cover\" \/>\n<meta property=\"article:modified_time\" content=\"2022-07-29T05:58:59+00:00\" \/>\n<meta name=\"twitter:card\" content=\"summary_large_image\" \/>\n<meta name=\"twitter:label1\" content=\"Dur\u00e9e de lecture estim\u00e9e\" \/>\n\t<meta name=\"twitter:data1\" content=\"5 minutes\" \/>\n<script type=\"application\/ld+json\" class=\"yoast-schema-graph\">{\"@context\":\"https:\/\/schema.org\",\"@graph\":[{\"@type\":\"WebPage\",\"@id\":\"https:\/\/www.leafpoolcover.com\/fr\/politique-de-cookies\/\",\"url\":\"https:\/\/www.leafpoolcover.com\/fr\/politique-de-cookies\/\",\"name\":\"Politique de cookies - Malla para piscinas Leaf Pool Cover\",\"isPartOf\":{\"@id\":\"https:\/\/www.leafpoolcover.com\/en\/#website\"},\"datePublished\":\"2022-06-30T13:53:17+00:00\",\"dateModified\":\"2022-07-29T05:58:59+00:00\",\"breadcrumb\":{\"@id\":\"https:\/\/www.leafpoolcover.com\/fr\/politique-de-cookies\/#breadcrumb\"},\"inLanguage\":\"fr-FR\",\"potentialAction\":[{\"@type\":\"ReadAction\",\"target\":[\"https:\/\/www.leafpoolcover.com\/fr\/politique-de-cookies\/\"]}]},{\"@type\":\"BreadcrumbList\",\"@id\":\"https:\/\/www.leafpoolcover.com\/fr\/politique-de-cookies\/#breadcrumb\",\"itemListElement\":[{\"@type\":\"ListItem\",\"position\":1,\"name\":\"Portada\",\"item\":\"https:\/\/www.leafpoolcover.com\/fr\/home\/\"},{\"@type\":\"ListItem\",\"position\":2,\"name\":\"Politique de cookies\"}]},{\"@type\":\"WebSite\",\"@id\":\"https:\/\/www.leafpoolcover.com\/en\/#website\",\"url\":\"https:\/\/www.leafpoolcover.com\/en\/\",\"name\":\"Malla para piscinas Leaf Pool Cover\",\"description\":\"Malla para piscinas, malla anti hojas piscinas, cobertor piscina, mantener la piscina limpia f\u00e1cilmente.\",\"potentialAction\":[{\"@type\":\"SearchAction\",\"target\":{\"@type\":\"EntryPoint\",\"urlTemplate\":\"https:\/\/www.leafpoolcover.com\/en\/?s={search_term_string}\"},\"query-input\":{\"@type\":\"PropertyValueSpecification\",\"valueRequired\":true,\"valueName\":\"search_term_string\"}}],\"inLanguage\":\"fr-FR\"}]}<\/script>\n<!-- \/ Yoast SEO plugin. -->","yoast_head_json":{"title":"Politique de cookies - Malla para piscinas Leaf Pool Cover","robots":{"index":"noindex","follow":"follow"},"og_locale":"fr_FR","og_type":"article","og_title":"Politique de cookies - Malla para piscinas Leaf Pool Cover","og_description":"Politique de cookies INFORMATIONS SUR LES COOKIES En raison de l&rsquo;entr\u00e9e en vigueur de la modification de la \u00ab\u00a0Ley de Servicios de la Sociedad de la Informaci\u00f3n\u00a0\u00bb (LSSICE) \u00e9tablie par le d\u00e9cret royal 13\/2012, il est obligatoire d&rsquo;obtenir le consentement expr\u00e8s de l&rsquo;utilisateur de tous les sites web qui utilisent des cookies dispensables, avant que &hellip; Politique de cookies Read More &raquo;","og_url":"https:\/\/www.leafpoolcover.com\/fr\/politique-de-cookies\/","og_site_name":"Malla para piscinas Leaf Pool Cover","article_modified_time":"2022-07-29T05:58:59+00:00","twitter_card":"summary_large_image","twitter_misc":{"Dur\u00e9e de lecture estim\u00e9e":"5 minutes"},"schema":{"@context":"https:\/\/schema.org","@graph":[{"@type":"WebPage","@id":"https:\/\/www.leafpoolcover.com\/fr\/politique-de-cookies\/","url":"https:\/\/www.leafpoolcover.com\/fr\/politique-de-cookies\/","name":"Politique de cookies - Malla para piscinas Leaf Pool Cover","isPartOf":{"@id":"https:\/\/www.leafpoolcover.com\/en\/#website"},"datePublished":"2022-06-30T13:53:17+00:00","dateModified":"2022-07-29T05:58:59+00:00","breadcrumb":{"@id":"https:\/\/www.leafpoolcover.com\/fr\/politique-de-cookies\/#breadcrumb"},"inLanguage":"fr-FR","potentialAction":[{"@type":"ReadAction","target":["https:\/\/www.leafpoolcover.com\/fr\/politique-de-cookies\/"]}]},{"@type":"BreadcrumbList","@id":"https:\/\/www.leafpoolcover.com\/fr\/politique-de-cookies\/#breadcrumb","itemListElement":[{"@type":"ListItem","position":1,"name":"Portada","item":"https:\/\/www.leafpoolcover.com\/fr\/home\/"},{"@type":"ListItem","position":2,"name":"Politique de cookies"}]},{"@type":"WebSite","@id":"https:\/\/www.leafpoolcover.com\/en\/#website","url":"https:\/\/www.leafpoolcover.com\/en\/","name":"Malla para piscinas Leaf Pool Cover","description":"Malla para piscinas, malla anti hojas piscinas, cobertor piscina, mantener la piscina limpia f\u00e1cilmente.","potentialAction":[{"@type":"SearchAction","target":{"@type":"EntryPoint","urlTemplate":"https:\/\/www.leafpoolcover.com\/en\/?s={search_term_string}"},"query-input":{"@type":"PropertyValueSpecification","valueRequired":true,"valueName":"search_term_string"}}],"inLanguage":"fr-FR"}]}},"_links":{"self":[{"href":"https:\/\/www.leafpoolcover.com\/fr\/wp-json\/wp\/v2\/pages\/1145"}],"collection":[{"href":"https:\/\/www.leafpoolcover.com\/fr\/wp-json\/wp\/v2\/pages"}],"about":[{"href":"https:\/\/www.leafpoolcover.com\/fr\/wp-json\/wp\/v2\/types\/page"}],"author":[{"embeddable":true,"href":"https:\/\/www.leafpoolcover.com\/fr\/wp-json\/wp\/v2\/users\/1"}],"replies":[{"embeddable":true,"href":"https:\/\/www.leafpoolcover.com\/fr\/wp-json\/wp\/v2\/comments?post=1145"}],"version-history":[{"count":4,"href":"https:\/\/www.leafpoolcover.com\/fr\/wp-json\/wp\/v2\/pages\/1145\/revisions"}],"predecessor-version":[{"id":1160,"href":"https:\/\/www.leafpoolcover.com\/fr\/wp-json\/wp\/v2\/pages\/1145\/revisions\/1160"}],"wp:attachment":[{"href":"https:\/\/www.leafpoolcover.com\/fr\/wp-json\/wp\/v2\/media?parent=1145"}],"curies":[{"name":"wp","href":"https:\/\/api.w.org\/{rel}","templated":true}]}}