{"id":650,"date":"2022-06-30T11:35:18","date_gmt":"2022-06-30T09:35:18","guid":{"rendered":"https:\/\/www.leafpoolcover.com\/wir\/"},"modified":"2022-11-20T19:07:48","modified_gmt":"2022-11-20T18:07:48","slug":"wir","status":"publish","type":"page","link":"https:\/\/www.leafpoolcover.com\/de\/wir\/","title":{"rendered":"Wir"},"content":{"rendered":"\t\t<div data-elementor-type=\"wp-page\" data-elementor-id=\"650\" class=\"elementor elementor-650 elementor-119\" data-elementor-post-type=\"page\">\n\t\t\t\t\t\t<section class=\"elementor-section elementor-top-section elementor-element elementor-element-358e68e5 elementor-section-content-bottom elementor-section-height-min-height elementor-section-boxed elementor-section-height-default elementor-section-items-middle\" data-id=\"358e68e5\" data-element_type=\"section\" data-settings=\"{&quot;background_background&quot;:&quot;classic&quot;}\">\n\t\t\t\t\t\t\t<div class=\"elementor-background-overlay\"><\/div>\n\t\t\t\t\t\t\t<div class=\"elementor-container elementor-column-gap-no\">\n\t\t\t\t\t<div class=\"elementor-column elementor-col-100 elementor-top-column elementor-element elementor-element-1e4221d7\" data-id=\"1e4221d7\" data-element_type=\"column\">\n\t\t\t<div class=\"elementor-widget-wrap elementor-element-populated\">\n\t\t\t\t\t\t<div class=\"elementor-element elementor-element-2aeab1b6 elementor-widget elementor-widget-text-editor\" data-id=\"2aeab1b6\" data-element_type=\"widget\" data-widget_type=\"text-editor.default\">\n\t\t\t\t<div class=\"elementor-widget-container\">\n\t\t\t\t\t\t\t<p>Der Legende nach segelten 2012 zwei Freunde an Bord eines Segelboots namens Fandango um die Pityusen und ankerten in versteckten Buchten auf der Insel Formentera. Sie waren begeistert von einem neuen Projekt und machten aus dem Namen eines Segelboots den Namen ihres zuk\u00fcnftigen Unternehmens: <strong>Fun&amp;Go.<\/strong><\/p>\n\t\t\t\t\t\t<\/div>\n\t\t\t\t<\/div>\n\t\t\t\t\t<\/div>\n\t\t<\/div>\n\t\t\t\t\t<\/div>\n\t\t<\/section>\n\t\t\t\t<section class=\"elementor-section elementor-top-section elementor-element elementor-element-21313a6d elementor-section-boxed elementor-section-height-default elementor-section-height-default\" data-id=\"21313a6d\" data-element_type=\"section\" data-settings=\"{&quot;background_background&quot;:&quot;classic&quot;}\">\n\t\t\t\t\t\t<div class=\"elementor-container elementor-column-gap-default\">\n\t\t\t\t\t<div class=\"elementor-column elementor-col-100 elementor-top-column elementor-element elementor-element-75fa7c71\" data-id=\"75fa7c71\" data-element_type=\"column\">\n\t\t\t<div class=\"elementor-widget-wrap elementor-element-populated\">\n\t\t\t\t\t\t<div class=\"elementor-element elementor-element-61381072 elementor-widget elementor-widget-heading\" data-id=\"61381072\" data-element_type=\"widget\" data-widget_type=\"heading.default\">\n\t\t\t\t<div class=\"elementor-widget-container\">\n\t\t\t<h1 class=\"elementor-heading-title elementor-size-default\">Unser Geschichte<\/h1>\t\t<\/div>\n\t\t\t\t<\/div>\n\t\t\t\t<div class=\"elementor-element elementor-element-4de6e6e6 elementor-widget elementor-widget-text-editor\" data-id=\"4de6e6e6\" data-element_type=\"widget\" data-widget_type=\"text-editor.default\">\n\t\t\t\t<div class=\"elementor-widget-container\">\n\t\t\t\t\t\t\t<p>Im Januar 2016 gr\u00fcndeten wir Fun&amp;Go. Eine Idee, die von zwei Menschen geteilt wird, die einen gro\u00dfen Teil ihres Lebens der Beobachtung, dem Studium und der Analyse so unterschiedlicher Sektoren wie Eisenwaren, Bauwesen und Industriezulieferer gewidmet haben, und die schlie\u00dflich beschlossen haben, sie in die Tat umzusetzen. <\/p>\n<p>Im August 2017. Durch die Kombination von Wissen und Erfahrung im Bauwesen und im Bootsbau haben wir eine praktische, einfache und bequeme L\u00f6sung gefunden, um das l\u00e4stige Herabfallen von Bl\u00e4ttern und Insekten in Schwimmbecken zu vermeiden. So entstand unser Swimmingpool-Netz: <\/p>\n<p><strong>Leaf Pool Cover von Fun&amp;Go.<\/strong><\/p>\n<p>Eine einfach zu installierende Abdeckung, die keine Befestigung ben\u00f6tigt, um auf dem Wasser zu bleiben. Der Pool bleibt frei von Bl\u00e4ttern und Insekten und erm\u00f6glicht Ihnen ein angenehmes Badevergn\u00fcgen, ohne dass Sie Zeit f\u00fcr die Reinigung aufwenden m\u00fcssen. &#8222;Eine geniale L\u00f6sung!<\/p>\n<p>Also beschlossen wir, es in Serie zu produzieren und es den Profis zu pr\u00e4sentieren.<\/p>\n<p style=\"padding-left: 40px;\"><strong>&#8222;Wir hatten etwas zu erz\u00e4hlen!<\/strong><\/p>\n<p>Im Oktober 2017 haben wir LPC auf der Messe &#8222;Piscinas &amp; Wellness&#8220; vorgestellt. Die Akzeptanz und das Interesse von mehr als 200 Besuchern aus \u00fcber 25 L\u00e4ndern haben uns deutlich gezeigt, dass es einen Bedarf f\u00fcr eine L\u00f6sung wie die unsere gibt.<\/p>\n<p style=\"padding-left: 40px;\"><strong>&#8222;Die Leute liebten LPC, es war ein tolles Gef\u00fchl.<\/strong><\/p>\n<p>Im Januar 2018 haben wir mit dem Export nach Frankreich begonnen und pflegen Kontakte in anderen L\u00e4ndern und zu Akteuren, die an einem Vertrieb interessiert sind. Ende 2018 nahmen wir auch an der Piscine Global in Lyon teil.<\/p>\n<p style=\"padding-left: 40px;\"><strong>&#8222;Wir wollen das LPC by Fun&amp;Go in die Welt tragen, wollen Sie sich uns anschlie\u00dfen?<\/strong><\/p>\n\t\t\t\t\t\t<\/div>\n\t\t\t\t<\/div>\n\t\t\t\t<div class=\"elementor-element elementor-element-62845c61 elementor-widget elementor-widget-text-editor\" data-id=\"62845c61\" data-element_type=\"widget\" data-widget_type=\"text-editor.default\">\n\t\t\t\t<div class=\"elementor-widget-container\">\n\t\t\t\t\t\t\t<p>Bei den ersten Schritten in der Produktion und der Handhabung der Produkte verlassen wir uns auf die unverzichtbare Hilfe von Mr. Salvador Ros\u00e0s, ein Meister in der Kunst, Maschinen zu erfinden, die Ihre Tr\u00e4ume wahr werden lassen, und in diesem Fall, wie in so vielen anderen, haben wir die Produktion in seiner Garage begonnen.&nbsp;<\/p>\n<p>Die Maschinen, mit denen die ersten Produkte hergestellt wurden, tragen seine Handschrift und sind auch heute noch voll ausgelastet.<\/p>\n<p>Bei Fun&amp;Go mit Sitz in Barcelona arbeiten wir st\u00e4ndig an Innovationen, um unser Hauptziel weiterhin zu erreichen:&nbsp;<\/p>\n<p style=\"padding-left: 40px;\"><strong>&#8222;Das Schwierige einfach machen.<\/strong><\/p>\t\t\t\t\t\t<\/div>\n\t\t\t\t<\/div>\n\t\t\t\t\t<\/div>\n\t\t<\/div>\n\t\t\t\t\t<\/div>\n\t\t<\/section>\n\t\t\t\t<section class=\"elementor-section elementor-top-section elementor-element elementor-element-4f5f613a elementor-section-boxed elementor-section-height-default elementor-section-height-default\" data-id=\"4f5f613a\" data-element_type=\"section\">\n\t\t\t\t\t\t<div class=\"elementor-container elementor-column-gap-default\">\n\t\t\t\t\t<div class=\"elementor-column elementor-col-50 elementor-top-column elementor-element elementor-element-137c98be\" data-id=\"137c98be\" data-element_type=\"column\">\n\t\t\t<div class=\"elementor-widget-wrap\">\n\t\t\t\t\t\t\t<\/div>\n\t\t<\/div>\n\t\t\t\t<div class=\"elementor-column elementor-col-50 elementor-top-column elementor-element elementor-element-71bc8d5f\" data-id=\"71bc8d5f\" data-element_type=\"column\">\n\t\t\t<div class=\"elementor-widget-wrap elementor-element-populated\">\n\t\t\t\t\t\t<div class=\"elementor-element elementor-element-690e288c elementor-widget elementor-widget-image\" data-id=\"690e288c\" data-element_type=\"widget\" data-widget_type=\"image.default\">\n\t\t\t\t<div class=\"elementor-widget-container\">\n\t\t\t\t\t\t\t\t\t\t\t\t\t<img fetchpriority=\"high\" decoding=\"async\" width=\"250\" height=\"250\" src=\"https:\/\/www.leafpoolcover.com\/wp-content\/uploads\/2022\/06\/Jordi-Vives.png\" class=\"attachment-full size-full wp-image-128\" alt=\"Leaf-pool-cover-jordi-vives\" srcset=\"https:\/\/www.leafpoolcover.com\/wp-content\/uploads\/2022\/06\/Jordi-Vives.png 250w, https:\/\/www.leafpoolcover.com\/wp-content\/uploads\/2022\/06\/Jordi-Vives-150x150.png 150w\" sizes=\"(max-width: 250px) 100vw, 250px\" \/>\t\t\t\t\t\t\t\t\t\t\t\t\t<\/div>\n\t\t\t\t<\/div>\n\t\t\t\t\t<\/div>\n\t\t<\/div>\n\t\t\t\t\t<\/div>\n\t\t<\/section>\n\t\t\t\t<\/div>\n\t\t","protected":false},"excerpt":{"rendered":"<p>Der Legende nach segelten 2012 zwei Freunde an Bord eines Segelboots namens Fandango um die Pityusen und ankerten in versteckten Buchten auf der Insel Formentera. Sie waren begeistert von einem neuen Projekt und machten aus dem Namen eines Segelboots den Namen ihres zuk\u00fcnftigen Unternehmens: Fun&amp;Go. Unser Geschichte Im Januar 2016 gr\u00fcndeten wir Fun&amp;Go. Eine Idee, &hellip;<\/p>\n<p class=\"read-more\"> <a class=\"\" href=\"https:\/\/www.leafpoolcover.com\/de\/wir\/\"> <span class=\"screen-reader-text\">Wir<\/span> Read More &raquo;<\/a><\/p>\n","protected":false},"author":1,"featured_media":622,"parent":0,"menu_order":0,"comment_status":"closed","ping_status":"closed","template":"elementor_header_footer","meta":{"site-sidebar-layout":"no-sidebar","site-content-layout":"page-builder","ast-global-header-display":"","ast-main-header-display":"","ast-hfb-above-header-display":"","ast-hfb-below-header-display":"","ast-hfb-mobile-header-display":"","site-post-title":"disabled","ast-breadcrumbs-content":"","ast-featured-img":"disabled","footer-sml-layout":"","theme-transparent-header-meta":"","adv-header-id-meta":"","stick-header-meta":"","header-above-stick-meta":"","header-main-stick-meta":"","header-below-stick-meta":"","footnotes":""},"class_list":["post-650","page","type-page","status-publish","has-post-thumbnail","hentry"],"yoast_head":"<!-- This site is optimized with the Yoast SEO plugin v23.8 - https:\/\/yoast.com\/wordpress\/plugins\/seo\/ -->\n<title>Schwimmbad-Netzabdeckung Leaf Pool Cover | Wer wir sind<\/title>\n<meta name=\"description\" content=\"Durch die Kombination von Wissen und Erfahrung im Bauwesen und im Bootsbau haben wir eine praktische L\u00f6sung gefunden, um das Herabfallen von Bl\u00e4ttern zu verhindern...\" \/>\n<meta name=\"robots\" content=\"index, follow, max-snippet:-1, max-image-preview:large, max-video-preview:-1\" \/>\n<link rel=\"canonical\" href=\"https:\/\/www.leafpoolcover.com\/de\/wir\/\" \/>\n<meta property=\"og:locale\" content=\"de_DE\" \/>\n<meta property=\"og:type\" content=\"article\" \/>\n<meta property=\"og:title\" content=\"Schwimmbad-Netzabdeckung Leaf Pool Cover | Wer wir sind\" \/>\n<meta property=\"og:description\" content=\"Durch die Kombination von Wissen und Erfahrung im Bauwesen und im Bootsbau haben wir eine praktische L\u00f6sung gefunden, um das Herabfallen von Bl\u00e4ttern zu verhindern...\" \/>\n<meta property=\"og:url\" content=\"https:\/\/www.leafpoolcover.com\/de\/wir\/\" \/>\n<meta property=\"og:site_name\" content=\"Malla para piscinas Leaf Pool Cover\" \/>\n<meta property=\"article:modified_time\" content=\"2022-11-20T18:07:48+00:00\" \/>\n<meta property=\"og:image\" content=\"https:\/\/www.leafpoolcover.com\/wp-content\/uploads\/2022\/06\/leaf-pool-cover-quienes-somos-scaled.jpg\" \/>\n\t<meta property=\"og:image:width\" content=\"2560\" \/>\n\t<meta property=\"og:image:height\" content=\"1452\" \/>\n\t<meta property=\"og:image:type\" content=\"image\/jpeg\" \/>\n<meta name=\"twitter:card\" content=\"summary_large_image\" \/>\n<meta name=\"twitter:label1\" content=\"Gesch\u00e4tzte Lesezeit\" \/>\n\t<meta name=\"twitter:data1\" content=\"3 Minuten\" \/>\n<script type=\"application\/ld+json\" class=\"yoast-schema-graph\">{\"@context\":\"https:\/\/schema.org\",\"@graph\":[{\"@type\":\"WebPage\",\"@id\":\"https:\/\/www.leafpoolcover.com\/de\/wir\/\",\"url\":\"https:\/\/www.leafpoolcover.com\/de\/wir\/\",\"name\":\"Schwimmbad-Netzabdeckung Leaf Pool Cover | Wer wir sind\",\"isPartOf\":{\"@id\":\"https:\/\/www.leafpoolcover.com\/en\/#website\"},\"primaryImageOfPage\":{\"@id\":\"https:\/\/www.leafpoolcover.com\/de\/wir\/#primaryimage\"},\"image\":{\"@id\":\"https:\/\/www.leafpoolcover.com\/de\/wir\/#primaryimage\"},\"thumbnailUrl\":\"https:\/\/www.leafpoolcover.com\/wp-content\/uploads\/2022\/06\/leaf-pool-cover-quienes-somos-scaled.jpg\",\"datePublished\":\"2022-06-30T09:35:18+00:00\",\"dateModified\":\"2022-11-20T18:07:48+00:00\",\"description\":\"Durch die Kombination von Wissen und Erfahrung im Bauwesen und im Bootsbau haben wir eine praktische L\u00f6sung gefunden, um das Herabfallen von Bl\u00e4ttern zu verhindern...\",\"breadcrumb\":{\"@id\":\"https:\/\/www.leafpoolcover.com\/de\/wir\/#breadcrumb\"},\"inLanguage\":\"de-DE\",\"potentialAction\":[{\"@type\":\"ReadAction\",\"target\":[\"https:\/\/www.leafpoolcover.com\/de\/wir\/\"]}]},{\"@type\":\"ImageObject\",\"inLanguage\":\"de-DE\",\"@id\":\"https:\/\/www.leafpoolcover.com\/de\/wir\/#primaryimage\",\"url\":\"https:\/\/www.leafpoolcover.com\/wp-content\/uploads\/2022\/06\/leaf-pool-cover-quienes-somos-scaled.jpg\",\"contentUrl\":\"https:\/\/www.leafpoolcover.com\/wp-content\/uploads\/2022\/06\/leaf-pool-cover-quienes-somos-scaled.jpg\",\"width\":2560,\"height\":1452},{\"@type\":\"BreadcrumbList\",\"@id\":\"https:\/\/www.leafpoolcover.com\/de\/wir\/#breadcrumb\",\"itemListElement\":[{\"@type\":\"ListItem\",\"position\":1,\"name\":\"Portada\",\"item\":\"https:\/\/www.leafpoolcover.com\/de\/home\/\"},{\"@type\":\"ListItem\",\"position\":2,\"name\":\"Wir\"}]},{\"@type\":\"WebSite\",\"@id\":\"https:\/\/www.leafpoolcover.com\/en\/#website\",\"url\":\"https:\/\/www.leafpoolcover.com\/en\/\",\"name\":\"Malla para piscinas Leaf Pool Cover\",\"description\":\"Malla para piscinas, malla anti hojas piscinas, cobertor piscina, mantener la piscina limpia f\u00e1cilmente.\",\"potentialAction\":[{\"@type\":\"SearchAction\",\"target\":{\"@type\":\"EntryPoint\",\"urlTemplate\":\"https:\/\/www.leafpoolcover.com\/en\/?s={search_term_string}\"},\"query-input\":{\"@type\":\"PropertyValueSpecification\",\"valueRequired\":true,\"valueName\":\"search_term_string\"}}],\"inLanguage\":\"de-DE\"}]}<\/script>\n<!-- \/ Yoast SEO plugin. -->","yoast_head_json":{"title":"Schwimmbad-Netzabdeckung Leaf Pool Cover | Wer wir sind","description":"Durch die Kombination von Wissen und Erfahrung im Bauwesen und im Bootsbau haben wir eine praktische L\u00f6sung gefunden, um das Herabfallen von Bl\u00e4ttern zu verhindern...","robots":{"index":"index","follow":"follow","max-snippet":"max-snippet:-1","max-image-preview":"max-image-preview:large","max-video-preview":"max-video-preview:-1"},"canonical":"https:\/\/www.leafpoolcover.com\/de\/wir\/","og_locale":"de_DE","og_type":"article","og_title":"Schwimmbad-Netzabdeckung Leaf Pool Cover | Wer wir sind","og_description":"Durch die Kombination von Wissen und Erfahrung im Bauwesen und im Bootsbau haben wir eine praktische L\u00f6sung gefunden, um das Herabfallen von Bl\u00e4ttern zu verhindern...","og_url":"https:\/\/www.leafpoolcover.com\/de\/wir\/","og_site_name":"Malla para piscinas Leaf Pool Cover","article_modified_time":"2022-11-20T18:07:48+00:00","og_image":[{"width":2560,"height":1452,"url":"https:\/\/www.leafpoolcover.com\/wp-content\/uploads\/2022\/06\/leaf-pool-cover-quienes-somos-scaled.jpg","type":"image\/jpeg"}],"twitter_card":"summary_large_image","twitter_misc":{"Gesch\u00e4tzte Lesezeit":"3 Minuten"},"schema":{"@context":"https:\/\/schema.org","@graph":[{"@type":"WebPage","@id":"https:\/\/www.leafpoolcover.com\/de\/wir\/","url":"https:\/\/www.leafpoolcover.com\/de\/wir\/","name":"Schwimmbad-Netzabdeckung Leaf Pool Cover | Wer wir sind","isPartOf":{"@id":"https:\/\/www.leafpoolcover.com\/en\/#website"},"primaryImageOfPage":{"@id":"https:\/\/www.leafpoolcover.com\/de\/wir\/#primaryimage"},"image":{"@id":"https:\/\/www.leafpoolcover.com\/de\/wir\/#primaryimage"},"thumbnailUrl":"https:\/\/www.leafpoolcover.com\/wp-content\/uploads\/2022\/06\/leaf-pool-cover-quienes-somos-scaled.jpg","datePublished":"2022-06-30T09:35:18+00:00","dateModified":"2022-11-20T18:07:48+00:00","description":"Durch die Kombination von Wissen und Erfahrung im Bauwesen und im Bootsbau haben wir eine praktische L\u00f6sung gefunden, um das Herabfallen von Bl\u00e4ttern zu verhindern...","breadcrumb":{"@id":"https:\/\/www.leafpoolcover.com\/de\/wir\/#breadcrumb"},"inLanguage":"de-DE","potentialAction":[{"@type":"ReadAction","target":["https:\/\/www.leafpoolcover.com\/de\/wir\/"]}]},{"@type":"ImageObject","inLanguage":"de-DE","@id":"https:\/\/www.leafpoolcover.com\/de\/wir\/#primaryimage","url":"https:\/\/www.leafpoolcover.com\/wp-content\/uploads\/2022\/06\/leaf-pool-cover-quienes-somos-scaled.jpg","contentUrl":"https:\/\/www.leafpoolcover.com\/wp-content\/uploads\/2022\/06\/leaf-pool-cover-quienes-somos-scaled.jpg","width":2560,"height":1452},{"@type":"BreadcrumbList","@id":"https:\/\/www.leafpoolcover.com\/de\/wir\/#breadcrumb","itemListElement":[{"@type":"ListItem","position":1,"name":"Portada","item":"https:\/\/www.leafpoolcover.com\/de\/home\/"},{"@type":"ListItem","position":2,"name":"Wir"}]},{"@type":"WebSite","@id":"https:\/\/www.leafpoolcover.com\/en\/#website","url":"https:\/\/www.leafpoolcover.com\/en\/","name":"Malla para piscinas Leaf Pool Cover","description":"Malla para piscinas, malla anti hojas piscinas, cobertor piscina, mantener la piscina limpia f\u00e1cilmente.","potentialAction":[{"@type":"SearchAction","target":{"@type":"EntryPoint","urlTemplate":"https:\/\/www.leafpoolcover.com\/en\/?s={search_term_string}"},"query-input":{"@type":"PropertyValueSpecification","valueRequired":true,"valueName":"search_term_string"}}],"inLanguage":"de-DE"}]}},"_links":{"self":[{"href":"https:\/\/www.leafpoolcover.com\/de\/wp-json\/wp\/v2\/pages\/650"}],"collection":[{"href":"https:\/\/www.leafpoolcover.com\/de\/wp-json\/wp\/v2\/pages"}],"about":[{"href":"https:\/\/www.leafpoolcover.com\/de\/wp-json\/wp\/v2\/types\/page"}],"author":[{"embeddable":true,"href":"https:\/\/www.leafpoolcover.com\/de\/wp-json\/wp\/v2\/users\/1"}],"replies":[{"embeddable":true,"href":"https:\/\/www.leafpoolcover.com\/de\/wp-json\/wp\/v2\/comments?post=650"}],"version-history":[{"count":19,"href":"https:\/\/www.leafpoolcover.com\/de\/wp-json\/wp\/v2\/pages\/650\/revisions"}],"predecessor-version":[{"id":1811,"href":"https:\/\/www.leafpoolcover.com\/de\/wp-json\/wp\/v2\/pages\/650\/revisions\/1811"}],"wp:featuredmedia":[{"embeddable":true,"href":"https:\/\/www.leafpoolcover.com\/de\/wp-json\/wp\/v2\/media\/622"}],"wp:attachment":[{"href":"https:\/\/www.leafpoolcover.com\/de\/wp-json\/wp\/v2\/media?parent=650"}],"curies":[{"name":"wp","href":"https:\/\/api.w.org\/{rel}","templated":true}]}}